{"id":1247,"date":"2015-07-30T15:35:26","date_gmt":"2015-07-30T13:35:26","guid":{"rendered":"http:\/\/woge-saar.strukturholding.de\/fr\/strom-sparen\/"},"modified":"2022-02-11T11:40:59","modified_gmt":"2022-02-11T10:40:59","slug":"strom-sparen","status":"publish","type":"page","link":"https:\/\/www.woge-saar.de\/fr\/service\/tipps-rund-ums-wohnen\/strom-sparen\/","title":{"rendered":"Strom sparen"},"content":{"rendered":"<h1>Tipps rund um\u2018s Stromsparen<\/h1>\n<h2>Stromsparen lohnt sich in jeder Beziehung<\/h2>\n<p>Zum einen ist es ein Beitrag zum Klimaschutz, zum anderen sparen Sie bares Geld. Dabei haben Energiesparma\u00dfnahmen im Haushalt wenig mit Verzicht zu tun. Es gen\u00fcgt, die Energie besser zu nutzen. Um ihre Stromkosten zu senken, sollten Sie ihre Elektroger\u00e4te auf heimliche Stromfresser kontrollieren. Diese sind in allen Bereichen der Haushaltsger\u00e4te zu finden. K\u00fchlschr\u00e4nke, Gefrierger\u00e4te, Waschmaschinen, W\u00e4schetrockner, Elektroherde, Klimager\u00e4te und Lampen geh\u00f6ren dazu. Die meisten Ger\u00e4te sind in Verbrauchsklassen unterteilt, von A mit der Farbe Gr\u00fcn f\u00fcr sehr niedrigen Verbrauch bis G mit der Farbe Rot f\u00fcr sehr hohen Verbrauch. Oft kann es sinnvoll sein, sich von \u00e4lteren Ger\u00e4ten zu trennen und beim Kauf eines neuen Ger\u00e4tes auf Energieeffizienz (z.B. das GEFA-Zeichen) zu achten.<\/p>\n","protected":false},"excerpt":{"rendered":"<p>Tipps rund um\u2018s Stromsparen Stromsparen lohnt sich in jeder Beziehung Zum einen ist es ein<\/p>\n","protected":false},"author":2,"featured_media":0,"parent":1256,"menu_order":1,"comment_status":"closed","ping_status":"closed","template":"","meta":{"_acf_changed":false,"footnotes":""},"class_list":["post-1247","page","type-page","status-publish","hentry"],"acf":[],"yoast_head":"<!-- This site is optimized with the Yoast SEO plugin v27.4 - https:\/\/yoast.com\/product\/yoast-seo-wordpress\/ -->\n<title>Strom Sparen Tipps \u2013 Woge Saar<\/title>\n<meta name=\"description\" content=\"Strom sparen Tipps \u2713 Einige Ger\u00e4te verbrauchen auch nach dem Ausschalten noch Strom \u2713 Tipps zu Waschmaschine, Fernseher, PC und Co \u2713\" \/>\n<meta name=\"robots\" content=\"index, follow, max-snippet:-1, max-image-preview:large, max-video-preview:-1\" \/>\n<link rel=\"canonical\" href=\"https:\/\/www.woge-saar.de\/fr\/service\/tipps-rund-ums-wohnen\/strom-sparen\/\" \/>\n<meta property=\"og:locale\" content=\"fr_FR\" \/>\n<meta property=\"og:type\" content=\"article\" \/>\n<meta property=\"og:title\" content=\"Strom Sparen Tipps \u2013 Woge Saar\" \/>\n<meta property=\"og:description\" content=\"Strom sparen Tipps \u2713 Einige Ger\u00e4te verbrauchen auch nach dem Ausschalten noch Strom \u2713 Tipps zu Waschmaschine, Fernseher, PC und Co \u2713\" \/>\n<meta property=\"og:url\" content=\"https:\/\/www.woge-saar.de\/fr\/service\/tipps-rund-ums-wohnen\/strom-sparen\/\" \/>\n<meta property=\"og:site_name\" content=\"Woge Saar\" \/>\n<meta property=\"article:modified_time\" content=\"2022-02-11T10:40:59+00:00\" \/>\n<meta property=\"og:image\" content=\"https:\/\/www.woge-saar.de\/wp-content\/uploads\/sites\/7\/2016\/10\/og_image_woge.jpg\" \/>\n\t<meta property=\"og:image:width\" content=\"1200\" \/>\n\t<meta property=\"og:image:height\" content=\"630\" \/>\n\t<meta property=\"og:image:type\" content=\"image\/jpeg\" \/>\n<meta name=\"twitter:label1\" content=\"Dur\u00e9e de lecture estim\u00e9e\" \/>\n\t<meta name=\"twitter:data1\" content=\"1 minute\" \/>\n<script type=\"application\/ld+json\" class=\"yoast-schema-graph\">{\"@context\":\"https:\\\/\\\/schema.org\",\"@graph\":[{\"@type\":\"WebPage\",\"@id\":\"https:\\\/\\\/www.woge-saar.de\\\/fr\\\/service\\\/tipps-rund-ums-wohnen\\\/strom-sparen\\\/\",\"url\":\"https:\\\/\\\/www.woge-saar.de\\\/fr\\\/service\\\/tipps-rund-ums-wohnen\\\/strom-sparen\\\/\",\"name\":\"Strom Sparen Tipps \u2013 Woge Saar\",\"isPartOf\":{\"@id\":\"https:\\\/\\\/www.freundlich-wohnen.de\\\/#website\"},\"datePublished\":\"2015-07-30T13:35:26+00:00\",\"dateModified\":\"2022-02-11T10:40:59+00:00\",\"description\":\"Strom sparen Tipps \u2713 Einige Ger\u00e4te verbrauchen auch nach dem Ausschalten noch Strom \u2713 Tipps zu Waschmaschine, Fernseher, PC und Co \u2713\",\"breadcrumb\":{\"@id\":\"https:\\\/\\\/www.woge-saar.de\\\/fr\\\/service\\\/tipps-rund-ums-wohnen\\\/strom-sparen\\\/#breadcrumb\"},\"inLanguage\":\"fr-FR\",\"potentialAction\":[{\"@type\":\"ReadAction\",\"target\":[\"https:\\\/\\\/www.woge-saar.de\\\/fr\\\/service\\\/tipps-rund-ums-wohnen\\\/strom-sparen\\\/\"]}]},{\"@type\":\"BreadcrumbList\",\"@id\":\"https:\\\/\\\/www.woge-saar.de\\\/fr\\\/service\\\/tipps-rund-ums-wohnen\\\/strom-sparen\\\/#breadcrumb\",\"itemListElement\":[{\"@type\":\"ListItem\",\"position\":1,\"name\":\"Startseite\",\"item\":\"https:\\\/\\\/www.woge-saar.de\\\/fr\\\/\"},{\"@type\":\"ListItem\",\"position\":2,\"name\":\"Service\",\"item\":\"https:\\\/\\\/www.woge-saar.de\\\/fr\\\/service\\\/\"},{\"@type\":\"ListItem\",\"position\":3,\"name\":\"Tipps rund ums Wohnen\",\"item\":\"https:\\\/\\\/www.woge-saar.de\\\/fr\\\/service\\\/tipps-rund-ums-wohnen\\\/\"},{\"@type\":\"ListItem\",\"position\":4,\"name\":\"Strom sparen\"}]},{\"@type\":\"WebSite\",\"@id\":\"https:\\\/\\\/www.freundlich-wohnen.de\\\/#website\",\"url\":\"https:\\\/\\\/www.freundlich-wohnen.de\\\/\",\"name\":\"Woge Saar\",\"description\":\"Eine weitere SHS | Strukturholding Saar Seiten Seite\",\"potentialAction\":[{\"@type\":\"SearchAction\",\"target\":{\"@type\":\"EntryPoint\",\"urlTemplate\":\"https:\\\/\\\/www.freundlich-wohnen.de\\\/?s={search_term_string}\"},\"query-input\":{\"@type\":\"PropertyValueSpecification\",\"valueRequired\":true,\"valueName\":\"search_term_string\"}}],\"inLanguage\":\"fr-FR\"}]}<\/script>\n<!-- \/ Yoast SEO plugin. -->","yoast_head_json":{"title":"Strom Sparen Tipps \u2013 Woge Saar","description":"Strom sparen Tipps \u2713 Einige Ger\u00e4te verbrauchen auch nach dem Ausschalten noch Strom \u2713 Tipps zu Waschmaschine, Fernseher, PC und Co \u2713","robots":{"index":"index","follow":"follow","max-snippet":"max-snippet:-1","max-image-preview":"max-image-preview:large","max-video-preview":"max-video-preview:-1"},"canonical":"https:\/\/www.woge-saar.de\/fr\/service\/tipps-rund-ums-wohnen\/strom-sparen\/","og_locale":"fr_FR","og_type":"article","og_title":"Strom Sparen Tipps \u2013 Woge Saar","og_description":"Strom sparen Tipps \u2713 Einige Ger\u00e4te verbrauchen auch nach dem Ausschalten noch Strom \u2713 Tipps zu Waschmaschine, Fernseher, PC und Co \u2713","og_url":"https:\/\/www.woge-saar.de\/fr\/service\/tipps-rund-ums-wohnen\/strom-sparen\/","og_site_name":"Woge Saar","article_modified_time":"2022-02-11T10:40:59+00:00","og_image":[{"width":1200,"height":630,"url":"https:\/\/www.woge-saar.de\/wp-content\/uploads\/sites\/7\/2016\/10\/og_image_woge.jpg","type":"image\/jpeg"}],"twitter_misc":{"Dur\u00e9e de lecture estim\u00e9e":"1 minute"},"schema":{"@context":"https:\/\/schema.org","@graph":[{"@type":"WebPage","@id":"https:\/\/www.woge-saar.de\/fr\/service\/tipps-rund-ums-wohnen\/strom-sparen\/","url":"https:\/\/www.woge-saar.de\/fr\/service\/tipps-rund-ums-wohnen\/strom-sparen\/","name":"Strom Sparen Tipps \u2013 Woge Saar","isPartOf":{"@id":"https:\/\/www.freundlich-wohnen.de\/#website"},"datePublished":"2015-07-30T13:35:26+00:00","dateModified":"2022-02-11T10:40:59+00:00","description":"Strom sparen Tipps \u2713 Einige Ger\u00e4te verbrauchen auch nach dem Ausschalten noch Strom \u2713 Tipps zu Waschmaschine, Fernseher, PC und Co \u2713","breadcrumb":{"@id":"https:\/\/www.woge-saar.de\/fr\/service\/tipps-rund-ums-wohnen\/strom-sparen\/#breadcrumb"},"inLanguage":"fr-FR","potentialAction":[{"@type":"ReadAction","target":["https:\/\/www.woge-saar.de\/fr\/service\/tipps-rund-ums-wohnen\/strom-sparen\/"]}]},{"@type":"BreadcrumbList","@id":"https:\/\/www.woge-saar.de\/fr\/service\/tipps-rund-ums-wohnen\/strom-sparen\/#breadcrumb","itemListElement":[{"@type":"ListItem","position":1,"name":"Startseite","item":"https:\/\/www.woge-saar.de\/fr\/"},{"@type":"ListItem","position":2,"name":"Service","item":"https:\/\/www.woge-saar.de\/fr\/service\/"},{"@type":"ListItem","position":3,"name":"Tipps rund ums Wohnen","item":"https:\/\/www.woge-saar.de\/fr\/service\/tipps-rund-ums-wohnen\/"},{"@type":"ListItem","position":4,"name":"Strom sparen"}]},{"@type":"WebSite","@id":"https:\/\/www.freundlich-wohnen.de\/#website","url":"https:\/\/www.freundlich-wohnen.de\/","name":"Woge Saar","description":"Eine weitere SHS | Strukturholding Saar Seiten Seite","potentialAction":[{"@type":"SearchAction","target":{"@type":"EntryPoint","urlTemplate":"https:\/\/www.freundlich-wohnen.de\/?s={search_term_string}"},"query-input":{"@type":"PropertyValueSpecification","valueRequired":true,"valueName":"search_term_string"}}],"inLanguage":"fr-FR"}]}},"_links":{"self":[{"href":"https:\/\/www.woge-saar.de\/fr\/wp-json\/wp\/v2\/pages\/1247","targetHints":{"allow":["GET"]}}],"collection":[{"href":"https:\/\/www.woge-saar.de\/fr\/wp-json\/wp\/v2\/pages"}],"about":[{"href":"https:\/\/www.woge-saar.de\/fr\/wp-json\/wp\/v2\/types\/page"}],"author":[{"embeddable":true,"href":"https:\/\/www.woge-saar.de\/fr\/wp-json\/wp\/v2\/users\/2"}],"replies":[{"embeddable":true,"href":"https:\/\/www.woge-saar.de\/fr\/wp-json\/wp\/v2\/comments?post=1247"}],"version-history":[{"count":8,"href":"https:\/\/www.woge-saar.de\/fr\/wp-json\/wp\/v2\/pages\/1247\/revisions"}],"predecessor-version":[{"id":4010,"href":"https:\/\/www.woge-saar.de\/fr\/wp-json\/wp\/v2\/pages\/1247\/revisions\/4010"}],"up":[{"embeddable":true,"href":"https:\/\/www.woge-saar.de\/fr\/wp-json\/wp\/v2\/pages\/1256"}],"wp:attachment":[{"href":"https:\/\/www.woge-saar.de\/fr\/wp-json\/wp\/v2\/media?parent=1247"}],"curies":[{"name":"wp","href":"https:\/\/api.w.org\/{rel}","templated":true}]}}