{"id":1250,"date":"2015-07-30T16:25:26","date_gmt":"2015-07-30T14:25:26","guid":{"rendered":"http:\/\/woge-saar.strukturholding.de\/fr\/muell-trennen\/"},"modified":"2016-08-11T09:21:18","modified_gmt":"2016-08-11T07:21:18","slug":"tri-des-dechets","status":"publish","type":"page","link":"https:\/\/www.woge-saar.de\/fr\/service\/tipps-rund-ums-wohnen\/tri-des-dechets\/","title":{"rendered":"Tri des d\u00e9chets"},"content":{"rendered":"<h2>D\u00e9chets\u00a0: quelques r\u00e9flexions \u00e0 ce sujet<\/h2>\n<p>En mati\u00e8re de r\u00e9duction des d\u00e9chets, il est important de tous tirer dans la m\u00eame direction. Le tri des d\u00e9chets peut contribuer \u00e0 r\u00e9duire la quantit\u00e9 d&rsquo;ordures m\u00e9nag\u00e8res. Les charges peuvent \u00eatre contenues par la pr\u00e9vention commune des d\u00e9chets au sein de la r\u00e9sidence mais \u00e9galement par le tri dans les r\u00e8gles des d\u00e9chets et le recyclage car le nombre de ramassages des poubelles est ainsi r\u00e9duit. Vous contribuez \u00e9galement \u00e0 m\u00e9nager les ressources naturelles et les d\u00e9chetteries. Chaque d\u00e9chet se trouvant dans la mauvaise poubelle doit \u00eatre \u00e0 nouveau tri\u00e9e de fa\u00e7on co\u00fbteuse. Cela se refl\u00e8te ensuite dans vos charges car des co\u00fbts sont factur\u00e9s selon les d\u00e9chets pour leur \u00e9limination.<\/p>\n","protected":false},"excerpt":{"rendered":"<p>D\u00e9chets\u00a0: quelques r\u00e9flexions \u00e0 ce sujet En mati\u00e8re de r\u00e9duction des d\u00e9chets, il est important<\/p>\n","protected":false},"author":2,"featured_media":0,"parent":1256,"menu_order":4,"comment_status":"closed","ping_status":"closed","template":"","meta":{"_acf_changed":false,"footnotes":""},"class_list":["post-1250","page","type-page","status-publish","hentry"],"acf":[],"yoast_head":"<!-- This site is optimized with the Yoast SEO plugin v27.4 - https:\/\/yoast.com\/product\/yoast-seo-wordpress\/ -->\n<title>Tri des d\u00e9chets - Woge Saar<\/title>\n<meta name=\"robots\" content=\"index, follow, max-snippet:-1, max-image-preview:large, max-video-preview:-1\" \/>\n<link rel=\"canonical\" href=\"https:\/\/www.woge-saar.de\/fr\/service\/tipps-rund-ums-wohnen\/tri-des-dechets\/\" \/>\n<meta property=\"og:locale\" content=\"fr_FR\" \/>\n<meta property=\"og:type\" content=\"article\" \/>\n<meta property=\"og:title\" content=\"Tri des d\u00e9chets - Woge Saar\" \/>\n<meta property=\"og:description\" content=\"D\u00e9chets\u00a0: quelques r\u00e9flexions \u00e0 ce sujet En mati\u00e8re de r\u00e9duction des d\u00e9chets, il est important\" \/>\n<meta property=\"og:url\" content=\"https:\/\/www.woge-saar.de\/fr\/service\/tipps-rund-ums-wohnen\/tri-des-dechets\/\" \/>\n<meta property=\"og:site_name\" content=\"Woge Saar\" \/>\n<meta property=\"article:modified_time\" content=\"2016-08-11T07:21:18+00:00\" \/>\n<meta property=\"og:image\" content=\"https:\/\/www.woge-saar.de\/wp-content\/uploads\/sites\/7\/2016\/10\/og_image_woge.jpg\" \/>\n\t<meta property=\"og:image:width\" content=\"1200\" \/>\n\t<meta property=\"og:image:height\" content=\"630\" \/>\n\t<meta property=\"og:image:type\" content=\"image\/jpeg\" \/>\n<meta name=\"twitter:label1\" content=\"Dur\u00e9e de lecture estim\u00e9e\" \/>\n\t<meta name=\"twitter:data1\" content=\"1 minute\" \/>\n<script type=\"application\/ld+json\" class=\"yoast-schema-graph\">{\"@context\":\"https:\\\/\\\/schema.org\",\"@graph\":[{\"@type\":\"WebPage\",\"@id\":\"https:\\\/\\\/www.woge-saar.de\\\/fr\\\/service\\\/tipps-rund-ums-wohnen\\\/tri-des-dechets\\\/\",\"url\":\"https:\\\/\\\/www.woge-saar.de\\\/fr\\\/service\\\/tipps-rund-ums-wohnen\\\/tri-des-dechets\\\/\",\"name\":\"Tri des d\u00e9chets - Woge Saar\",\"isPartOf\":{\"@id\":\"https:\\\/\\\/www.freundlich-wohnen.de\\\/#website\"},\"datePublished\":\"2015-07-30T14:25:26+00:00\",\"dateModified\":\"2016-08-11T07:21:18+00:00\",\"breadcrumb\":{\"@id\":\"https:\\\/\\\/www.woge-saar.de\\\/fr\\\/service\\\/tipps-rund-ums-wohnen\\\/tri-des-dechets\\\/#breadcrumb\"},\"inLanguage\":\"fr-FR\",\"potentialAction\":[{\"@type\":\"ReadAction\",\"target\":[\"https:\\\/\\\/www.woge-saar.de\\\/fr\\\/service\\\/tipps-rund-ums-wohnen\\\/tri-des-dechets\\\/\"]}]},{\"@type\":\"BreadcrumbList\",\"@id\":\"https:\\\/\\\/www.woge-saar.de\\\/fr\\\/service\\\/tipps-rund-ums-wohnen\\\/tri-des-dechets\\\/#breadcrumb\",\"itemListElement\":[{\"@type\":\"ListItem\",\"position\":1,\"name\":\"Startseite\",\"item\":\"https:\\\/\\\/www.woge-saar.de\\\/fr\\\/\"},{\"@type\":\"ListItem\",\"position\":2,\"name\":\"Service\",\"item\":\"https:\\\/\\\/www.woge-saar.de\\\/fr\\\/service\\\/\"},{\"@type\":\"ListItem\",\"position\":3,\"name\":\"Tipps rund ums Wohnen\",\"item\":\"https:\\\/\\\/www.woge-saar.de\\\/fr\\\/service\\\/tipps-rund-ums-wohnen\\\/\"},{\"@type\":\"ListItem\",\"position\":4,\"name\":\"Tri des d\u00e9chets\"}]},{\"@type\":\"WebSite\",\"@id\":\"https:\\\/\\\/www.freundlich-wohnen.de\\\/#website\",\"url\":\"https:\\\/\\\/www.freundlich-wohnen.de\\\/\",\"name\":\"Woge Saar\",\"description\":\"Eine weitere SHS | Strukturholding Saar Seiten Seite\",\"potentialAction\":[{\"@type\":\"SearchAction\",\"target\":{\"@type\":\"EntryPoint\",\"urlTemplate\":\"https:\\\/\\\/www.freundlich-wohnen.de\\\/?s={search_term_string}\"},\"query-input\":{\"@type\":\"PropertyValueSpecification\",\"valueRequired\":true,\"valueName\":\"search_term_string\"}}],\"inLanguage\":\"fr-FR\"}]}<\/script>\n<!-- \/ Yoast SEO plugin. -->","yoast_head_json":{"title":"Tri des d\u00e9chets - Woge Saar","robots":{"index":"index","follow":"follow","max-snippet":"max-snippet:-1","max-image-preview":"max-image-preview:large","max-video-preview":"max-video-preview:-1"},"canonical":"https:\/\/www.woge-saar.de\/fr\/service\/tipps-rund-ums-wohnen\/tri-des-dechets\/","og_locale":"fr_FR","og_type":"article","og_title":"Tri des d\u00e9chets - Woge Saar","og_description":"D\u00e9chets\u00a0: quelques r\u00e9flexions \u00e0 ce sujet En mati\u00e8re de r\u00e9duction des d\u00e9chets, il est important","og_url":"https:\/\/www.woge-saar.de\/fr\/service\/tipps-rund-ums-wohnen\/tri-des-dechets\/","og_site_name":"Woge Saar","article_modified_time":"2016-08-11T07:21:18+00:00","og_image":[{"width":1200,"height":630,"url":"https:\/\/www.woge-saar.de\/wp-content\/uploads\/sites\/7\/2016\/10\/og_image_woge.jpg","type":"image\/jpeg"}],"twitter_misc":{"Dur\u00e9e de lecture estim\u00e9e":"1 minute"},"schema":{"@context":"https:\/\/schema.org","@graph":[{"@type":"WebPage","@id":"https:\/\/www.woge-saar.de\/fr\/service\/tipps-rund-ums-wohnen\/tri-des-dechets\/","url":"https:\/\/www.woge-saar.de\/fr\/service\/tipps-rund-ums-wohnen\/tri-des-dechets\/","name":"Tri des d\u00e9chets - Woge Saar","isPartOf":{"@id":"https:\/\/www.freundlich-wohnen.de\/#website"},"datePublished":"2015-07-30T14:25:26+00:00","dateModified":"2016-08-11T07:21:18+00:00","breadcrumb":{"@id":"https:\/\/www.woge-saar.de\/fr\/service\/tipps-rund-ums-wohnen\/tri-des-dechets\/#breadcrumb"},"inLanguage":"fr-FR","potentialAction":[{"@type":"ReadAction","target":["https:\/\/www.woge-saar.de\/fr\/service\/tipps-rund-ums-wohnen\/tri-des-dechets\/"]}]},{"@type":"BreadcrumbList","@id":"https:\/\/www.woge-saar.de\/fr\/service\/tipps-rund-ums-wohnen\/tri-des-dechets\/#breadcrumb","itemListElement":[{"@type":"ListItem","position":1,"name":"Startseite","item":"https:\/\/www.woge-saar.de\/fr\/"},{"@type":"ListItem","position":2,"name":"Service","item":"https:\/\/www.woge-saar.de\/fr\/service\/"},{"@type":"ListItem","position":3,"name":"Tipps rund ums Wohnen","item":"https:\/\/www.woge-saar.de\/fr\/service\/tipps-rund-ums-wohnen\/"},{"@type":"ListItem","position":4,"name":"Tri des d\u00e9chets"}]},{"@type":"WebSite","@id":"https:\/\/www.freundlich-wohnen.de\/#website","url":"https:\/\/www.freundlich-wohnen.de\/","name":"Woge Saar","description":"Eine weitere SHS | Strukturholding Saar Seiten Seite","potentialAction":[{"@type":"SearchAction","target":{"@type":"EntryPoint","urlTemplate":"https:\/\/www.freundlich-wohnen.de\/?s={search_term_string}"},"query-input":{"@type":"PropertyValueSpecification","valueRequired":true,"valueName":"search_term_string"}}],"inLanguage":"fr-FR"}]}},"_links":{"self":[{"href":"https:\/\/www.woge-saar.de\/fr\/wp-json\/wp\/v2\/pages\/1250","targetHints":{"allow":["GET"]}}],"collection":[{"href":"https:\/\/www.woge-saar.de\/fr\/wp-json\/wp\/v2\/pages"}],"about":[{"href":"https:\/\/www.woge-saar.de\/fr\/wp-json\/wp\/v2\/types\/page"}],"author":[{"embeddable":true,"href":"https:\/\/www.woge-saar.de\/fr\/wp-json\/wp\/v2\/users\/2"}],"replies":[{"embeddable":true,"href":"https:\/\/www.woge-saar.de\/fr\/wp-json\/wp\/v2\/comments?post=1250"}],"version-history":[{"count":2,"href":"https:\/\/www.woge-saar.de\/fr\/wp-json\/wp\/v2\/pages\/1250\/revisions"}],"predecessor-version":[{"id":1252,"href":"https:\/\/www.woge-saar.de\/fr\/wp-json\/wp\/v2\/pages\/1250\/revisions\/1252"}],"up":[{"embeddable":true,"href":"https:\/\/www.woge-saar.de\/fr\/wp-json\/wp\/v2\/pages\/1256"}],"wp:attachment":[{"href":"https:\/\/www.woge-saar.de\/fr\/wp-json\/wp\/v2\/media?parent=1250"}],"curies":[{"name":"wp","href":"https:\/\/api.w.org\/{rel}","templated":true}]}}