{"id":1253,"date":"2015-07-30T16:16:39","date_gmt":"2015-07-30T14:16:39","guid":{"rendered":"http:\/\/woge-saar.strukturholding.de\/fr\/heizkosten-sparen\/"},"modified":"2016-08-11T09:30:31","modified_gmt":"2016-08-11T07:30:31","slug":"economiser-le-chauffage","status":"publish","type":"page","link":"https:\/\/www.woge-saar.de\/fr\/service\/tipps-rund-ums-wohnen\/economiser-le-chauffage\/","title":{"rendered":"\u00c9conomiser le chauffage"},"content":{"rendered":"<h1>\u00c9conomiser le chauffage<\/h1>\n<h2>\u00c9conomisez le chauffage\u00a0!<\/h2>\n<p>Des diff\u00e9rences allant jusqu&rsquo;\u00e0 un ordre de 50\u00a0% peuvent \u00eatre constat\u00e9es dans des immeubles de m\u00eame construction et \u00e0 l&rsquo;\u00e9quipement identique. Cela signifie que vous aussi, vous pouvez \u00e9conomiser activement en tant que locataire. Les personnes qui chauffent et a\u00e8rent mal nuisent \u00e0 la temp\u00e9rature de la pi\u00e8ce, encouragent la formation de moisissures, paient trop de chauffage et \u00e9mettent des substances nocives dans l&rsquo;air. Pour \u00e9viter les endroits humides, les piq\u00fbres d&rsquo;humidit\u00e9 et les moisissures doivent veiller \u00e0 bien chauffer et \u00e0 bien a\u00e9rer leur logement.<\/p>\n","protected":false},"excerpt":{"rendered":"<p>\u00c9conomiser le chauffage \u00c9conomisez le chauffage\u00a0! Des diff\u00e9rences allant jusqu&rsquo;\u00e0 un ordre de 50\u00a0% peuvent<\/p>\n","protected":false},"author":2,"featured_media":0,"parent":1256,"menu_order":3,"comment_status":"closed","ping_status":"closed","template":"","meta":{"_acf_changed":false,"footnotes":""},"class_list":["post-1253","page","type-page","status-publish","hentry"],"acf":[],"yoast_head":"<!-- This site is optimized with the Yoast SEO plugin v27.4 - https:\/\/yoast.com\/product\/yoast-seo-wordpress\/ -->\n<title>\u00c9conomiser le chauffage - Woge Saar<\/title>\n<meta name=\"robots\" content=\"index, follow, max-snippet:-1, max-image-preview:large, max-video-preview:-1\" \/>\n<link rel=\"canonical\" href=\"https:\/\/www.woge-saar.de\/fr\/service\/tipps-rund-ums-wohnen\/economiser-le-chauffage\/\" \/>\n<meta property=\"og:locale\" content=\"fr_FR\" \/>\n<meta property=\"og:type\" content=\"article\" \/>\n<meta property=\"og:title\" content=\"\u00c9conomiser le chauffage - Woge Saar\" \/>\n<meta property=\"og:description\" content=\"\u00c9conomiser le chauffage \u00c9conomisez le chauffage\u00a0! Des diff\u00e9rences allant jusqu&rsquo;\u00e0 un ordre de 50\u00a0% peuvent\" \/>\n<meta property=\"og:url\" content=\"https:\/\/www.woge-saar.de\/fr\/service\/tipps-rund-ums-wohnen\/economiser-le-chauffage\/\" \/>\n<meta property=\"og:site_name\" content=\"Woge Saar\" \/>\n<meta property=\"article:modified_time\" content=\"2016-08-11T07:30:31+00:00\" \/>\n<meta property=\"og:image\" content=\"https:\/\/www.woge-saar.de\/wp-content\/uploads\/sites\/7\/2016\/10\/og_image_woge.jpg\" \/>\n\t<meta property=\"og:image:width\" content=\"1200\" \/>\n\t<meta property=\"og:image:height\" content=\"630\" \/>\n\t<meta property=\"og:image:type\" content=\"image\/jpeg\" \/>\n<script type=\"application\/ld+json\" class=\"yoast-schema-graph\">{\"@context\":\"https:\\\/\\\/schema.org\",\"@graph\":[{\"@type\":\"WebPage\",\"@id\":\"https:\\\/\\\/www.woge-saar.de\\\/fr\\\/service\\\/tipps-rund-ums-wohnen\\\/economiser-le-chauffage\\\/\",\"url\":\"https:\\\/\\\/www.woge-saar.de\\\/fr\\\/service\\\/tipps-rund-ums-wohnen\\\/economiser-le-chauffage\\\/\",\"name\":\"\u00c9conomiser le chauffage - Woge Saar\",\"isPartOf\":{\"@id\":\"https:\\\/\\\/www.freundlich-wohnen.de\\\/#website\"},\"datePublished\":\"2015-07-30T14:16:39+00:00\",\"dateModified\":\"2016-08-11T07:30:31+00:00\",\"breadcrumb\":{\"@id\":\"https:\\\/\\\/www.woge-saar.de\\\/fr\\\/service\\\/tipps-rund-ums-wohnen\\\/economiser-le-chauffage\\\/#breadcrumb\"},\"inLanguage\":\"fr-FR\",\"potentialAction\":[{\"@type\":\"ReadAction\",\"target\":[\"https:\\\/\\\/www.woge-saar.de\\\/fr\\\/service\\\/tipps-rund-ums-wohnen\\\/economiser-le-chauffage\\\/\"]}]},{\"@type\":\"BreadcrumbList\",\"@id\":\"https:\\\/\\\/www.woge-saar.de\\\/fr\\\/service\\\/tipps-rund-ums-wohnen\\\/economiser-le-chauffage\\\/#breadcrumb\",\"itemListElement\":[{\"@type\":\"ListItem\",\"position\":1,\"name\":\"Startseite\",\"item\":\"https:\\\/\\\/www.woge-saar.de\\\/fr\\\/\"},{\"@type\":\"ListItem\",\"position\":2,\"name\":\"Service\",\"item\":\"https:\\\/\\\/www.woge-saar.de\\\/fr\\\/service\\\/\"},{\"@type\":\"ListItem\",\"position\":3,\"name\":\"Tipps rund ums Wohnen\",\"item\":\"https:\\\/\\\/www.woge-saar.de\\\/fr\\\/service\\\/tipps-rund-ums-wohnen\\\/\"},{\"@type\":\"ListItem\",\"position\":4,\"name\":\"\u00c9conomiser le chauffage\"}]},{\"@type\":\"WebSite\",\"@id\":\"https:\\\/\\\/www.freundlich-wohnen.de\\\/#website\",\"url\":\"https:\\\/\\\/www.freundlich-wohnen.de\\\/\",\"name\":\"Woge Saar\",\"description\":\"Eine weitere SHS | Strukturholding Saar Seiten Seite\",\"potentialAction\":[{\"@type\":\"SearchAction\",\"target\":{\"@type\":\"EntryPoint\",\"urlTemplate\":\"https:\\\/\\\/www.freundlich-wohnen.de\\\/?s={search_term_string}\"},\"query-input\":{\"@type\":\"PropertyValueSpecification\",\"valueRequired\":true,\"valueName\":\"search_term_string\"}}],\"inLanguage\":\"fr-FR\"}]}<\/script>\n<!-- \/ Yoast SEO plugin. -->","yoast_head_json":{"title":"\u00c9conomiser le chauffage - Woge Saar","robots":{"index":"index","follow":"follow","max-snippet":"max-snippet:-1","max-image-preview":"max-image-preview:large","max-video-preview":"max-video-preview:-1"},"canonical":"https:\/\/www.woge-saar.de\/fr\/service\/tipps-rund-ums-wohnen\/economiser-le-chauffage\/","og_locale":"fr_FR","og_type":"article","og_title":"\u00c9conomiser le chauffage - Woge Saar","og_description":"\u00c9conomiser le chauffage \u00c9conomisez le chauffage\u00a0! Des diff\u00e9rences allant jusqu&rsquo;\u00e0 un ordre de 50\u00a0% peuvent","og_url":"https:\/\/www.woge-saar.de\/fr\/service\/tipps-rund-ums-wohnen\/economiser-le-chauffage\/","og_site_name":"Woge Saar","article_modified_time":"2016-08-11T07:30:31+00:00","og_image":[{"width":1200,"height":630,"url":"https:\/\/www.woge-saar.de\/wp-content\/uploads\/sites\/7\/2016\/10\/og_image_woge.jpg","type":"image\/jpeg"}],"schema":{"@context":"https:\/\/schema.org","@graph":[{"@type":"WebPage","@id":"https:\/\/www.woge-saar.de\/fr\/service\/tipps-rund-ums-wohnen\/economiser-le-chauffage\/","url":"https:\/\/www.woge-saar.de\/fr\/service\/tipps-rund-ums-wohnen\/economiser-le-chauffage\/","name":"\u00c9conomiser le chauffage - Woge Saar","isPartOf":{"@id":"https:\/\/www.freundlich-wohnen.de\/#website"},"datePublished":"2015-07-30T14:16:39+00:00","dateModified":"2016-08-11T07:30:31+00:00","breadcrumb":{"@id":"https:\/\/www.woge-saar.de\/fr\/service\/tipps-rund-ums-wohnen\/economiser-le-chauffage\/#breadcrumb"},"inLanguage":"fr-FR","potentialAction":[{"@type":"ReadAction","target":["https:\/\/www.woge-saar.de\/fr\/service\/tipps-rund-ums-wohnen\/economiser-le-chauffage\/"]}]},{"@type":"BreadcrumbList","@id":"https:\/\/www.woge-saar.de\/fr\/service\/tipps-rund-ums-wohnen\/economiser-le-chauffage\/#breadcrumb","itemListElement":[{"@type":"ListItem","position":1,"name":"Startseite","item":"https:\/\/www.woge-saar.de\/fr\/"},{"@type":"ListItem","position":2,"name":"Service","item":"https:\/\/www.woge-saar.de\/fr\/service\/"},{"@type":"ListItem","position":3,"name":"Tipps rund ums Wohnen","item":"https:\/\/www.woge-saar.de\/fr\/service\/tipps-rund-ums-wohnen\/"},{"@type":"ListItem","position":4,"name":"\u00c9conomiser le chauffage"}]},{"@type":"WebSite","@id":"https:\/\/www.freundlich-wohnen.de\/#website","url":"https:\/\/www.freundlich-wohnen.de\/","name":"Woge Saar","description":"Eine weitere SHS | Strukturholding Saar Seiten Seite","potentialAction":[{"@type":"SearchAction","target":{"@type":"EntryPoint","urlTemplate":"https:\/\/www.freundlich-wohnen.de\/?s={search_term_string}"},"query-input":{"@type":"PropertyValueSpecification","valueRequired":true,"valueName":"search_term_string"}}],"inLanguage":"fr-FR"}]}},"_links":{"self":[{"href":"https:\/\/www.woge-saar.de\/fr\/wp-json\/wp\/v2\/pages\/1253","targetHints":{"allow":["GET"]}}],"collection":[{"href":"https:\/\/www.woge-saar.de\/fr\/wp-json\/wp\/v2\/pages"}],"about":[{"href":"https:\/\/www.woge-saar.de\/fr\/wp-json\/wp\/v2\/types\/page"}],"author":[{"embeddable":true,"href":"https:\/\/www.woge-saar.de\/fr\/wp-json\/wp\/v2\/users\/2"}],"replies":[{"embeddable":true,"href":"https:\/\/www.woge-saar.de\/fr\/wp-json\/wp\/v2\/comments?post=1253"}],"version-history":[{"count":2,"href":"https:\/\/www.woge-saar.de\/fr\/wp-json\/wp\/v2\/pages\/1253\/revisions"}],"predecessor-version":[{"id":1255,"href":"https:\/\/www.woge-saar.de\/fr\/wp-json\/wp\/v2\/pages\/1253\/revisions\/1255"}],"up":[{"embeddable":true,"href":"https:\/\/www.woge-saar.de\/fr\/wp-json\/wp\/v2\/pages\/1256"}],"wp:attachment":[{"href":"https:\/\/www.woge-saar.de\/fr\/wp-json\/wp\/v2\/media?parent=1253"}],"curies":[{"name":"wp","href":"https:\/\/api.w.org\/{rel}","templated":true}]}}