{"id":1256,"date":"2015-07-13T15:39:40","date_gmt":"2015-07-13T13:39:40","guid":{"rendered":"http:\/\/woge-saar.strukturholding.de\/fr\/tipps-rund-ums-wohnen\/"},"modified":"2016-10-05T17:14:44","modified_gmt":"2016-10-05T15:14:44","slug":"tipps-rund-ums-wohnen","status":"publish","type":"page","link":"https:\/\/www.woge-saar.de\/fr\/service\/tipps-rund-ums-wohnen\/","title":{"rendered":"Tipps rund ums Wohnen"},"content":{"rendered":"<h1>Die besten Tipps rund um&rsquo;s Wohnen<\/h1>\n<p>Aufgrund st\u00e4ndig steigender Energiekosten und der aktuellen Klimadiskussion ist Energiesparen heute mehr denn je auch f\u00fcr Sie ein wichtiges Thema. Das ergab auch die Umfrage in einer unserer WOGE aktuell Ausgaben. In den letzten Jahren sind die Wohnnebenkosten um mehr als 25%, und damit 3mal so stark wie die allgemeinen Lebenshaltungskosten und 4mal so stark wie die Mieten gestiegen. Die sogenannte zweite Miete kommt nicht dem Vermieter zugute, sondern muss direkt an die Versorgungsbetriebe weitergeleitet werden.<\/p>\n<p>Die WOGE Saar hat sich dem sparsamen Umgang mit Energie schon lange verpflichtet und investiert regelm\u00e4\u00dfig und Schritt f\u00fcr Schritt in die energetische Sanierung des Wohnungsbestandes. Wir wollen an dieser Stelle einige Anregungen und Tipps zum bewussten und sparsamen Umgang mit Energie an Sie weitergeben. So k\u00f6nnen Sie nicht nur Ihre Wohnnebenkosten erheblich senken, sondern auch f\u00fcr die Umwelt etwas Gutes tun &#8211; durch Ihr und unser Tun kann der CO2-Aussto\u00df gesenkt werden. Und das kommt unserem Klima zugute &#8211; und Ihrem Geldbeutel.<\/p>\n","protected":false},"excerpt":{"rendered":"<p>Die besten Tipps rund um&rsquo;s Wohnen Aufgrund st\u00e4ndig steigender Energiekosten und der aktuellen Klimadiskussion ist<\/p>\n","protected":false},"author":2,"featured_media":0,"parent":1359,"menu_order":0,"comment_status":"closed","ping_status":"closed","template":"page_uebersicht.php","meta":{"_acf_changed":false,"footnotes":""},"class_list":["post-1256","page","type-page","status-publish","hentry"],"acf":[],"yoast_head":"<!-- This site is optimized with the Yoast SEO plugin v27.4 - https:\/\/yoast.com\/product\/yoast-seo-wordpress\/ -->\n<title>Tipps rund ums Wohnen - Woge Saar<\/title>\n<meta name=\"robots\" content=\"index, follow, max-snippet:-1, max-image-preview:large, max-video-preview:-1\" \/>\n<link rel=\"canonical\" href=\"https:\/\/www.woge-saar.de\/fr\/service\/tipps-rund-ums-wohnen\/\" \/>\n<meta property=\"og:locale\" content=\"fr_FR\" \/>\n<meta property=\"og:type\" content=\"article\" \/>\n<meta property=\"og:title\" content=\"Tipps rund ums Wohnen - Woge Saar\" \/>\n<meta property=\"og:description\" content=\"Die besten Tipps rund um&rsquo;s Wohnen Aufgrund st\u00e4ndig steigender Energiekosten und der aktuellen Klimadiskussion ist\" \/>\n<meta property=\"og:url\" content=\"https:\/\/www.woge-saar.de\/fr\/service\/tipps-rund-ums-wohnen\/\" \/>\n<meta property=\"og:site_name\" content=\"Woge Saar\" \/>\n<meta property=\"article:modified_time\" content=\"2016-10-05T15:14:44+00:00\" \/>\n<meta property=\"og:image\" content=\"https:\/\/www.woge-saar.de\/wp-content\/uploads\/sites\/7\/2016\/10\/og_image_woge.jpg\" \/>\n\t<meta property=\"og:image:width\" content=\"1200\" \/>\n\t<meta property=\"og:image:height\" content=\"630\" \/>\n\t<meta property=\"og:image:type\" content=\"image\/jpeg\" \/>\n<meta name=\"twitter:label1\" content=\"Dur\u00e9e de lecture estim\u00e9e\" \/>\n\t<meta name=\"twitter:data1\" content=\"1 minute\" \/>\n<script type=\"application\/ld+json\" class=\"yoast-schema-graph\">{\"@context\":\"https:\\\/\\\/schema.org\",\"@graph\":[{\"@type\":\"WebPage\",\"@id\":\"https:\\\/\\\/www.woge-saar.de\\\/fr\\\/service\\\/tipps-rund-ums-wohnen\\\/\",\"url\":\"https:\\\/\\\/www.woge-saar.de\\\/fr\\\/service\\\/tipps-rund-ums-wohnen\\\/\",\"name\":\"Tipps rund ums Wohnen - Woge Saar\",\"isPartOf\":{\"@id\":\"https:\\\/\\\/www.freundlich-wohnen.de\\\/#website\"},\"datePublished\":\"2015-07-13T13:39:40+00:00\",\"dateModified\":\"2016-10-05T15:14:44+00:00\",\"breadcrumb\":{\"@id\":\"https:\\\/\\\/www.woge-saar.de\\\/fr\\\/service\\\/tipps-rund-ums-wohnen\\\/#breadcrumb\"},\"inLanguage\":\"fr-FR\",\"potentialAction\":[{\"@type\":\"ReadAction\",\"target\":[\"https:\\\/\\\/www.woge-saar.de\\\/fr\\\/service\\\/tipps-rund-ums-wohnen\\\/\"]}]},{\"@type\":\"BreadcrumbList\",\"@id\":\"https:\\\/\\\/www.woge-saar.de\\\/fr\\\/service\\\/tipps-rund-ums-wohnen\\\/#breadcrumb\",\"itemListElement\":[{\"@type\":\"ListItem\",\"position\":1,\"name\":\"Startseite\",\"item\":\"https:\\\/\\\/www.woge-saar.de\\\/fr\\\/\"},{\"@type\":\"ListItem\",\"position\":2,\"name\":\"Service\",\"item\":\"https:\\\/\\\/www.woge-saar.de\\\/fr\\\/service\\\/\"},{\"@type\":\"ListItem\",\"position\":3,\"name\":\"Tipps rund ums Wohnen\"}]},{\"@type\":\"WebSite\",\"@id\":\"https:\\\/\\\/www.freundlich-wohnen.de\\\/#website\",\"url\":\"https:\\\/\\\/www.freundlich-wohnen.de\\\/\",\"name\":\"Woge Saar\",\"description\":\"Eine weitere SHS | Strukturholding Saar Seiten Seite\",\"potentialAction\":[{\"@type\":\"SearchAction\",\"target\":{\"@type\":\"EntryPoint\",\"urlTemplate\":\"https:\\\/\\\/www.freundlich-wohnen.de\\\/?s={search_term_string}\"},\"query-input\":{\"@type\":\"PropertyValueSpecification\",\"valueRequired\":true,\"valueName\":\"search_term_string\"}}],\"inLanguage\":\"fr-FR\"}]}<\/script>\n<!-- \/ Yoast SEO plugin. -->","yoast_head_json":{"title":"Tipps rund ums Wohnen - Woge Saar","robots":{"index":"index","follow":"follow","max-snippet":"max-snippet:-1","max-image-preview":"max-image-preview:large","max-video-preview":"max-video-preview:-1"},"canonical":"https:\/\/www.woge-saar.de\/fr\/service\/tipps-rund-ums-wohnen\/","og_locale":"fr_FR","og_type":"article","og_title":"Tipps rund ums Wohnen - Woge Saar","og_description":"Die besten Tipps rund um&rsquo;s Wohnen Aufgrund st\u00e4ndig steigender Energiekosten und der aktuellen Klimadiskussion ist","og_url":"https:\/\/www.woge-saar.de\/fr\/service\/tipps-rund-ums-wohnen\/","og_site_name":"Woge Saar","article_modified_time":"2016-10-05T15:14:44+00:00","og_image":[{"width":1200,"height":630,"url":"https:\/\/www.woge-saar.de\/wp-content\/uploads\/sites\/7\/2016\/10\/og_image_woge.jpg","type":"image\/jpeg"}],"twitter_misc":{"Dur\u00e9e de lecture estim\u00e9e":"1 minute"},"schema":{"@context":"https:\/\/schema.org","@graph":[{"@type":"WebPage","@id":"https:\/\/www.woge-saar.de\/fr\/service\/tipps-rund-ums-wohnen\/","url":"https:\/\/www.woge-saar.de\/fr\/service\/tipps-rund-ums-wohnen\/","name":"Tipps rund ums Wohnen - Woge Saar","isPartOf":{"@id":"https:\/\/www.freundlich-wohnen.de\/#website"},"datePublished":"2015-07-13T13:39:40+00:00","dateModified":"2016-10-05T15:14:44+00:00","breadcrumb":{"@id":"https:\/\/www.woge-saar.de\/fr\/service\/tipps-rund-ums-wohnen\/#breadcrumb"},"inLanguage":"fr-FR","potentialAction":[{"@type":"ReadAction","target":["https:\/\/www.woge-saar.de\/fr\/service\/tipps-rund-ums-wohnen\/"]}]},{"@type":"BreadcrumbList","@id":"https:\/\/www.woge-saar.de\/fr\/service\/tipps-rund-ums-wohnen\/#breadcrumb","itemListElement":[{"@type":"ListItem","position":1,"name":"Startseite","item":"https:\/\/www.woge-saar.de\/fr\/"},{"@type":"ListItem","position":2,"name":"Service","item":"https:\/\/www.woge-saar.de\/fr\/service\/"},{"@type":"ListItem","position":3,"name":"Tipps rund ums Wohnen"}]},{"@type":"WebSite","@id":"https:\/\/www.freundlich-wohnen.de\/#website","url":"https:\/\/www.freundlich-wohnen.de\/","name":"Woge Saar","description":"Eine weitere SHS | Strukturholding Saar Seiten Seite","potentialAction":[{"@type":"SearchAction","target":{"@type":"EntryPoint","urlTemplate":"https:\/\/www.freundlich-wohnen.de\/?s={search_term_string}"},"query-input":{"@type":"PropertyValueSpecification","valueRequired":true,"valueName":"search_term_string"}}],"inLanguage":"fr-FR"}]}},"_links":{"self":[{"href":"https:\/\/www.woge-saar.de\/fr\/wp-json\/wp\/v2\/pages\/1256","targetHints":{"allow":["GET"]}}],"collection":[{"href":"https:\/\/www.woge-saar.de\/fr\/wp-json\/wp\/v2\/pages"}],"about":[{"href":"https:\/\/www.woge-saar.de\/fr\/wp-json\/wp\/v2\/types\/page"}],"author":[{"embeddable":true,"href":"https:\/\/www.woge-saar.de\/fr\/wp-json\/wp\/v2\/users\/2"}],"replies":[{"embeddable":true,"href":"https:\/\/www.woge-saar.de\/fr\/wp-json\/wp\/v2\/comments?post=1256"}],"version-history":[{"count":2,"href":"https:\/\/www.woge-saar.de\/fr\/wp-json\/wp\/v2\/pages\/1256\/revisions"}],"predecessor-version":[{"id":1604,"href":"https:\/\/www.woge-saar.de\/fr\/wp-json\/wp\/v2\/pages\/1256\/revisions\/1604"}],"up":[{"embeddable":true,"href":"https:\/\/www.woge-saar.de\/fr\/wp-json\/wp\/v2\/pages\/1359"}],"wp:attachment":[{"href":"https:\/\/www.woge-saar.de\/fr\/wp-json\/wp\/v2\/media?parent=1256"}],"curies":[{"name":"wp","href":"https:\/\/api.w.org\/{rel}","templated":true}]}}