{"id":1264,"date":"2015-07-06T17:31:51","date_gmt":"2015-07-06T15:31:51","guid":{"rendered":"http:\/\/woge-saar.strukturholding.de\/fr\/nos-centres-clients\/kundenzentrum-saarbruecken\/"},"modified":"2023-11-30T16:53:06","modified_gmt":"2023-11-30T15:53:06","slug":"centre-clients-de-sarrebruck","status":"publish","type":"page","link":"https:\/\/www.woge-saar.de\/fr\/service\/nos-centres-clients\/centre-clients-de-sarrebruck\/","title":{"rendered":"Centre clients de Sarrebruck"},"content":{"rendered":"<h1>Centre clients de Sarrebruck<\/h1>\n<h2>Nous vous conseillons personnellement<\/h2>\n<p>Dans nos centres clients, vous recevez rapidement et simplement de l&rsquo;aide que ce soit pour la location d&rsquo;un appartement, l&rsquo;administration d&rsquo;un bien ou les questions techniques. Nous r\u00e9pondons imm\u00e9diatement \u00e0 votre question de fa\u00e7on comp\u00e9tente ou la transmettons directement \u00e0 la personne en charge.<\/p>\n<p>Le centre clients de Sarrebruck de la WOGE Saar se trouve en centre ville et est donc facilement accessible en voiture ou en transport public.<\/p>\n","protected":false},"excerpt":{"rendered":"<p>Centre clients de Sarrebruck Nous vous conseillons personnellement Dans nos centres clients, vous recevez rapidement<\/p>\n","protected":false},"author":2,"featured_media":0,"parent":1261,"menu_order":0,"comment_status":"closed","ping_status":"closed","template":"","meta":{"_acf_changed":false,"footnotes":""},"class_list":["post-1264","page","type-page","status-publish","hentry"],"acf":[],"yoast_head":"<!-- This site is optimized with the Yoast SEO plugin v27.4 - https:\/\/yoast.com\/product\/yoast-seo-wordpress\/ -->\n<title>Centre clients de Sarrebruck - Woge Saar<\/title>\n<meta name=\"robots\" content=\"index, follow, max-snippet:-1, max-image-preview:large, max-video-preview:-1\" \/>\n<link rel=\"canonical\" href=\"https:\/\/www.woge-saar.de\/fr\/service\/nos-centres-clients\/centre-clients-de-sarrebruck\/\" \/>\n<meta property=\"og:locale\" content=\"fr_FR\" \/>\n<meta property=\"og:type\" content=\"article\" \/>\n<meta property=\"og:title\" content=\"Centre clients de Sarrebruck - Woge Saar\" \/>\n<meta property=\"og:description\" content=\"Centre clients de Sarrebruck Nous vous conseillons personnellement Dans nos centres clients, vous recevez rapidement\" \/>\n<meta property=\"og:url\" content=\"https:\/\/www.woge-saar.de\/fr\/service\/nos-centres-clients\/centre-clients-de-sarrebruck\/\" \/>\n<meta property=\"og:site_name\" content=\"Woge Saar\" \/>\n<meta property=\"article:modified_time\" content=\"2023-11-30T15:53:06+00:00\" \/>\n<meta property=\"og:image\" content=\"https:\/\/www.woge-saar.de\/wp-content\/uploads\/sites\/7\/2016\/10\/og_image_woge.jpg\" \/>\n\t<meta property=\"og:image:width\" content=\"1200\" \/>\n\t<meta property=\"og:image:height\" content=\"630\" \/>\n\t<meta property=\"og:image:type\" content=\"image\/jpeg\" \/>\n<meta name=\"twitter:label1\" content=\"Dur\u00e9e de lecture estim\u00e9e\" \/>\n\t<meta name=\"twitter:data1\" content=\"1 minute\" \/>\n<script type=\"application\/ld+json\" class=\"yoast-schema-graph\">{\"@context\":\"https:\\\/\\\/schema.org\",\"@graph\":[{\"@type\":\"WebPage\",\"@id\":\"https:\\\/\\\/www.woge-saar.de\\\/fr\\\/service\\\/nos-centres-clients\\\/centre-clients-de-sarrebruck\\\/\",\"url\":\"https:\\\/\\\/www.woge-saar.de\\\/fr\\\/service\\\/nos-centres-clients\\\/centre-clients-de-sarrebruck\\\/\",\"name\":\"Centre clients de Sarrebruck - Woge Saar\",\"isPartOf\":{\"@id\":\"https:\\\/\\\/www.freundlich-wohnen.de\\\/#website\"},\"datePublished\":\"2015-07-06T15:31:51+00:00\",\"dateModified\":\"2023-11-30T15:53:06+00:00\",\"breadcrumb\":{\"@id\":\"https:\\\/\\\/www.woge-saar.de\\\/fr\\\/service\\\/nos-centres-clients\\\/centre-clients-de-sarrebruck\\\/#breadcrumb\"},\"inLanguage\":\"fr-FR\",\"potentialAction\":[{\"@type\":\"ReadAction\",\"target\":[\"https:\\\/\\\/www.woge-saar.de\\\/fr\\\/service\\\/nos-centres-clients\\\/centre-clients-de-sarrebruck\\\/\"]}]},{\"@type\":\"BreadcrumbList\",\"@id\":\"https:\\\/\\\/www.woge-saar.de\\\/fr\\\/service\\\/nos-centres-clients\\\/centre-clients-de-sarrebruck\\\/#breadcrumb\",\"itemListElement\":[{\"@type\":\"ListItem\",\"position\":1,\"name\":\"Startseite\",\"item\":\"https:\\\/\\\/www.woge-saar.de\\\/fr\\\/\"},{\"@type\":\"ListItem\",\"position\":2,\"name\":\"Service\",\"item\":\"https:\\\/\\\/www.woge-saar.de\\\/fr\\\/service\\\/\"},{\"@type\":\"ListItem\",\"position\":3,\"name\":\"Nos centres clients\",\"item\":\"https:\\\/\\\/www.woge-saar.de\\\/fr\\\/service\\\/nos-centres-clients\\\/\"},{\"@type\":\"ListItem\",\"position\":4,\"name\":\"Centre clients de Sarrebruck\"}]},{\"@type\":\"WebSite\",\"@id\":\"https:\\\/\\\/www.freundlich-wohnen.de\\\/#website\",\"url\":\"https:\\\/\\\/www.freundlich-wohnen.de\\\/\",\"name\":\"Woge Saar\",\"description\":\"Eine weitere SHS | Strukturholding Saar Seiten Seite\",\"potentialAction\":[{\"@type\":\"SearchAction\",\"target\":{\"@type\":\"EntryPoint\",\"urlTemplate\":\"https:\\\/\\\/www.freundlich-wohnen.de\\\/?s={search_term_string}\"},\"query-input\":{\"@type\":\"PropertyValueSpecification\",\"valueRequired\":true,\"valueName\":\"search_term_string\"}}],\"inLanguage\":\"fr-FR\"}]}<\/script>\n<!-- \/ Yoast SEO plugin. -->","yoast_head_json":{"title":"Centre clients de Sarrebruck - Woge Saar","robots":{"index":"index","follow":"follow","max-snippet":"max-snippet:-1","max-image-preview":"max-image-preview:large","max-video-preview":"max-video-preview:-1"},"canonical":"https:\/\/www.woge-saar.de\/fr\/service\/nos-centres-clients\/centre-clients-de-sarrebruck\/","og_locale":"fr_FR","og_type":"article","og_title":"Centre clients de Sarrebruck - Woge Saar","og_description":"Centre clients de Sarrebruck Nous vous conseillons personnellement Dans nos centres clients, vous recevez rapidement","og_url":"https:\/\/www.woge-saar.de\/fr\/service\/nos-centres-clients\/centre-clients-de-sarrebruck\/","og_site_name":"Woge Saar","article_modified_time":"2023-11-30T15:53:06+00:00","og_image":[{"width":1200,"height":630,"url":"https:\/\/www.woge-saar.de\/wp-content\/uploads\/sites\/7\/2016\/10\/og_image_woge.jpg","type":"image\/jpeg"}],"twitter_misc":{"Dur\u00e9e de lecture estim\u00e9e":"1 minute"},"schema":{"@context":"https:\/\/schema.org","@graph":[{"@type":"WebPage","@id":"https:\/\/www.woge-saar.de\/fr\/service\/nos-centres-clients\/centre-clients-de-sarrebruck\/","url":"https:\/\/www.woge-saar.de\/fr\/service\/nos-centres-clients\/centre-clients-de-sarrebruck\/","name":"Centre clients de Sarrebruck - Woge Saar","isPartOf":{"@id":"https:\/\/www.freundlich-wohnen.de\/#website"},"datePublished":"2015-07-06T15:31:51+00:00","dateModified":"2023-11-30T15:53:06+00:00","breadcrumb":{"@id":"https:\/\/www.woge-saar.de\/fr\/service\/nos-centres-clients\/centre-clients-de-sarrebruck\/#breadcrumb"},"inLanguage":"fr-FR","potentialAction":[{"@type":"ReadAction","target":["https:\/\/www.woge-saar.de\/fr\/service\/nos-centres-clients\/centre-clients-de-sarrebruck\/"]}]},{"@type":"BreadcrumbList","@id":"https:\/\/www.woge-saar.de\/fr\/service\/nos-centres-clients\/centre-clients-de-sarrebruck\/#breadcrumb","itemListElement":[{"@type":"ListItem","position":1,"name":"Startseite","item":"https:\/\/www.woge-saar.de\/fr\/"},{"@type":"ListItem","position":2,"name":"Service","item":"https:\/\/www.woge-saar.de\/fr\/service\/"},{"@type":"ListItem","position":3,"name":"Nos centres clients","item":"https:\/\/www.woge-saar.de\/fr\/service\/nos-centres-clients\/"},{"@type":"ListItem","position":4,"name":"Centre clients de Sarrebruck"}]},{"@type":"WebSite","@id":"https:\/\/www.freundlich-wohnen.de\/#website","url":"https:\/\/www.freundlich-wohnen.de\/","name":"Woge Saar","description":"Eine weitere SHS | Strukturholding Saar Seiten Seite","potentialAction":[{"@type":"SearchAction","target":{"@type":"EntryPoint","urlTemplate":"https:\/\/www.freundlich-wohnen.de\/?s={search_term_string}"},"query-input":{"@type":"PropertyValueSpecification","valueRequired":true,"valueName":"search_term_string"}}],"inLanguage":"fr-FR"}]}},"_links":{"self":[{"href":"https:\/\/www.woge-saar.de\/fr\/wp-json\/wp\/v2\/pages\/1264","targetHints":{"allow":["GET"]}}],"collection":[{"href":"https:\/\/www.woge-saar.de\/fr\/wp-json\/wp\/v2\/pages"}],"about":[{"href":"https:\/\/www.woge-saar.de\/fr\/wp-json\/wp\/v2\/types\/page"}],"author":[{"embeddable":true,"href":"https:\/\/www.woge-saar.de\/fr\/wp-json\/wp\/v2\/users\/2"}],"replies":[{"embeddable":true,"href":"https:\/\/www.woge-saar.de\/fr\/wp-json\/wp\/v2\/comments?post=1264"}],"version-history":[{"count":9,"href":"https:\/\/www.woge-saar.de\/fr\/wp-json\/wp\/v2\/pages\/1264\/revisions"}],"predecessor-version":[{"id":4676,"href":"https:\/\/www.woge-saar.de\/fr\/wp-json\/wp\/v2\/pages\/1264\/revisions\/4676"}],"up":[{"embeddable":true,"href":"https:\/\/www.woge-saar.de\/fr\/wp-json\/wp\/v2\/pages\/1261"}],"wp:attachment":[{"href":"https:\/\/www.woge-saar.de\/fr\/wp-json\/wp\/v2\/media?parent=1264"}],"curies":[{"name":"wp","href":"https:\/\/api.w.org\/{rel}","templated":true}]}}