{"id":1407,"date":"2016-08-31T17:18:38","date_gmt":"2016-08-31T15:18:38","guid":{"rendered":"http:\/\/woge-saar.strukturholding.de\/fr\/?page_id=1407"},"modified":"2023-11-30T16:51:53","modified_gmt":"2023-11-30T15:51:53","slug":"centre-clients-woge-treves","status":"publish","type":"page","link":"https:\/\/www.woge-saar.de\/fr\/service\/nos-centres-clients\/centre-clients-woge-treves\/","title":{"rendered":"Centre clients WOGE Tr\u00e8ves"},"content":{"rendered":"<h1>Centre clients WOGE Tr\u00e8ves<\/h1>\n<h2>Nous vous conseillons personnellement<\/h2>\n<p>Nous sommes pr\u00e9sents sur place \u00e9galement \u00e0 Tr\u00e8ves. Nos employ\u00e9s comp\u00e9tents vous aident pour toutes les questions ayant trait \u00e0 la location d&rsquo;un appartement ou \u00e0 votre contrat de location.<\/p>\n<p>Notre centre clients destin\u00e9s aux locataires et \u00e0 nos clients se trouve dans un quartier \u00e0 la fois calme et central et est facilemet accessible en voiture.<\/p>\n<p>Toute notre \u00e9quipe se r\u00e9jouit de votre visite.<\/p>\n","protected":false},"excerpt":{"rendered":"<p>Centre clients WOGE Tr\u00e8ves Nous vous conseillons personnellement Nous sommes pr\u00e9sents sur place \u00e9galement \u00e0<\/p>\n","protected":false},"author":2,"featured_media":0,"parent":1261,"menu_order":0,"comment_status":"closed","ping_status":"closed","template":"","meta":{"_acf_changed":false,"footnotes":""},"class_list":["post-1407","page","type-page","status-publish","hentry"],"acf":[],"yoast_head":"<!-- This site is optimized with the Yoast SEO plugin v27.4 - https:\/\/yoast.com\/product\/yoast-seo-wordpress\/ -->\n<title>Centre clients WOGE Tr\u00e8ves - Woge Saar<\/title>\n<meta name=\"robots\" content=\"index, follow, max-snippet:-1, max-image-preview:large, max-video-preview:-1\" \/>\n<link rel=\"canonical\" href=\"https:\/\/www.woge-saar.de\/fr\/service\/nos-centres-clients\/centre-clients-woge-treves\/\" \/>\n<meta property=\"og:locale\" content=\"fr_FR\" \/>\n<meta property=\"og:type\" content=\"article\" \/>\n<meta property=\"og:title\" content=\"Centre clients WOGE Tr\u00e8ves - Woge Saar\" \/>\n<meta property=\"og:description\" content=\"Centre clients WOGE Tr\u00e8ves Nous vous conseillons personnellement Nous sommes pr\u00e9sents sur place \u00e9galement \u00e0\" \/>\n<meta property=\"og:url\" content=\"https:\/\/www.woge-saar.de\/fr\/service\/nos-centres-clients\/centre-clients-woge-treves\/\" \/>\n<meta property=\"og:site_name\" content=\"Woge Saar\" \/>\n<meta property=\"article:modified_time\" content=\"2023-11-30T15:51:53+00:00\" \/>\n<meta property=\"og:image\" content=\"https:\/\/www.woge-saar.de\/wp-content\/uploads\/sites\/7\/2016\/10\/og_image_woge.jpg\" \/>\n\t<meta property=\"og:image:width\" content=\"1200\" \/>\n\t<meta property=\"og:image:height\" content=\"630\" \/>\n\t<meta property=\"og:image:type\" content=\"image\/jpeg\" \/>\n<meta name=\"twitter:label1\" content=\"Dur\u00e9e de lecture estim\u00e9e\" \/>\n\t<meta name=\"twitter:data1\" content=\"1 minute\" \/>\n<script type=\"application\/ld+json\" class=\"yoast-schema-graph\">{\"@context\":\"https:\\\/\\\/schema.org\",\"@graph\":[{\"@type\":\"WebPage\",\"@id\":\"https:\\\/\\\/www.woge-saar.de\\\/fr\\\/service\\\/nos-centres-clients\\\/centre-clients-woge-treves\\\/\",\"url\":\"https:\\\/\\\/www.woge-saar.de\\\/fr\\\/service\\\/nos-centres-clients\\\/centre-clients-woge-treves\\\/\",\"name\":\"Centre clients WOGE Tr\u00e8ves - Woge Saar\",\"isPartOf\":{\"@id\":\"https:\\\/\\\/www.freundlich-wohnen.de\\\/#website\"},\"datePublished\":\"2016-08-31T15:18:38+00:00\",\"dateModified\":\"2023-11-30T15:51:53+00:00\",\"breadcrumb\":{\"@id\":\"https:\\\/\\\/www.woge-saar.de\\\/fr\\\/service\\\/nos-centres-clients\\\/centre-clients-woge-treves\\\/#breadcrumb\"},\"inLanguage\":\"fr-FR\",\"potentialAction\":[{\"@type\":\"ReadAction\",\"target\":[\"https:\\\/\\\/www.woge-saar.de\\\/fr\\\/service\\\/nos-centres-clients\\\/centre-clients-woge-treves\\\/\"]}]},{\"@type\":\"BreadcrumbList\",\"@id\":\"https:\\\/\\\/www.woge-saar.de\\\/fr\\\/service\\\/nos-centres-clients\\\/centre-clients-woge-treves\\\/#breadcrumb\",\"itemListElement\":[{\"@type\":\"ListItem\",\"position\":1,\"name\":\"Startseite\",\"item\":\"https:\\\/\\\/www.woge-saar.de\\\/fr\\\/\"},{\"@type\":\"ListItem\",\"position\":2,\"name\":\"Service\",\"item\":\"https:\\\/\\\/www.woge-saar.de\\\/fr\\\/service\\\/\"},{\"@type\":\"ListItem\",\"position\":3,\"name\":\"Nos centres clients\",\"item\":\"https:\\\/\\\/www.woge-saar.de\\\/fr\\\/service\\\/nos-centres-clients\\\/\"},{\"@type\":\"ListItem\",\"position\":4,\"name\":\"Centre clients WOGE Tr\u00e8ves\"}]},{\"@type\":\"WebSite\",\"@id\":\"https:\\\/\\\/www.freundlich-wohnen.de\\\/#website\",\"url\":\"https:\\\/\\\/www.freundlich-wohnen.de\\\/\",\"name\":\"Woge Saar\",\"description\":\"Eine weitere SHS | Strukturholding Saar Seiten Seite\",\"potentialAction\":[{\"@type\":\"SearchAction\",\"target\":{\"@type\":\"EntryPoint\",\"urlTemplate\":\"https:\\\/\\\/www.freundlich-wohnen.de\\\/?s={search_term_string}\"},\"query-input\":{\"@type\":\"PropertyValueSpecification\",\"valueRequired\":true,\"valueName\":\"search_term_string\"}}],\"inLanguage\":\"fr-FR\"}]}<\/script>\n<!-- \/ Yoast SEO plugin. -->","yoast_head_json":{"title":"Centre clients WOGE Tr\u00e8ves - Woge Saar","robots":{"index":"index","follow":"follow","max-snippet":"max-snippet:-1","max-image-preview":"max-image-preview:large","max-video-preview":"max-video-preview:-1"},"canonical":"https:\/\/www.woge-saar.de\/fr\/service\/nos-centres-clients\/centre-clients-woge-treves\/","og_locale":"fr_FR","og_type":"article","og_title":"Centre clients WOGE Tr\u00e8ves - Woge Saar","og_description":"Centre clients WOGE Tr\u00e8ves Nous vous conseillons personnellement Nous sommes pr\u00e9sents sur place \u00e9galement \u00e0","og_url":"https:\/\/www.woge-saar.de\/fr\/service\/nos-centres-clients\/centre-clients-woge-treves\/","og_site_name":"Woge Saar","article_modified_time":"2023-11-30T15:51:53+00:00","og_image":[{"width":1200,"height":630,"url":"https:\/\/www.woge-saar.de\/wp-content\/uploads\/sites\/7\/2016\/10\/og_image_woge.jpg","type":"image\/jpeg"}],"twitter_misc":{"Dur\u00e9e de lecture estim\u00e9e":"1 minute"},"schema":{"@context":"https:\/\/schema.org","@graph":[{"@type":"WebPage","@id":"https:\/\/www.woge-saar.de\/fr\/service\/nos-centres-clients\/centre-clients-woge-treves\/","url":"https:\/\/www.woge-saar.de\/fr\/service\/nos-centres-clients\/centre-clients-woge-treves\/","name":"Centre clients WOGE Tr\u00e8ves - Woge Saar","isPartOf":{"@id":"https:\/\/www.freundlich-wohnen.de\/#website"},"datePublished":"2016-08-31T15:18:38+00:00","dateModified":"2023-11-30T15:51:53+00:00","breadcrumb":{"@id":"https:\/\/www.woge-saar.de\/fr\/service\/nos-centres-clients\/centre-clients-woge-treves\/#breadcrumb"},"inLanguage":"fr-FR","potentialAction":[{"@type":"ReadAction","target":["https:\/\/www.woge-saar.de\/fr\/service\/nos-centres-clients\/centre-clients-woge-treves\/"]}]},{"@type":"BreadcrumbList","@id":"https:\/\/www.woge-saar.de\/fr\/service\/nos-centres-clients\/centre-clients-woge-treves\/#breadcrumb","itemListElement":[{"@type":"ListItem","position":1,"name":"Startseite","item":"https:\/\/www.woge-saar.de\/fr\/"},{"@type":"ListItem","position":2,"name":"Service","item":"https:\/\/www.woge-saar.de\/fr\/service\/"},{"@type":"ListItem","position":3,"name":"Nos centres clients","item":"https:\/\/www.woge-saar.de\/fr\/service\/nos-centres-clients\/"},{"@type":"ListItem","position":4,"name":"Centre clients WOGE Tr\u00e8ves"}]},{"@type":"WebSite","@id":"https:\/\/www.freundlich-wohnen.de\/#website","url":"https:\/\/www.freundlich-wohnen.de\/","name":"Woge Saar","description":"Eine weitere SHS | Strukturholding Saar Seiten Seite","potentialAction":[{"@type":"SearchAction","target":{"@type":"EntryPoint","urlTemplate":"https:\/\/www.freundlich-wohnen.de\/?s={search_term_string}"},"query-input":{"@type":"PropertyValueSpecification","valueRequired":true,"valueName":"search_term_string"}}],"inLanguage":"fr-FR"}]}},"_links":{"self":[{"href":"https:\/\/www.woge-saar.de\/fr\/wp-json\/wp\/v2\/pages\/1407","targetHints":{"allow":["GET"]}}],"collection":[{"href":"https:\/\/www.woge-saar.de\/fr\/wp-json\/wp\/v2\/pages"}],"about":[{"href":"https:\/\/www.woge-saar.de\/fr\/wp-json\/wp\/v2\/types\/page"}],"author":[{"embeddable":true,"href":"https:\/\/www.woge-saar.de\/fr\/wp-json\/wp\/v2\/users\/2"}],"replies":[{"embeddable":true,"href":"https:\/\/www.woge-saar.de\/fr\/wp-json\/wp\/v2\/comments?post=1407"}],"version-history":[{"count":5,"href":"https:\/\/www.woge-saar.de\/fr\/wp-json\/wp\/v2\/pages\/1407\/revisions"}],"predecessor-version":[{"id":4675,"href":"https:\/\/www.woge-saar.de\/fr\/wp-json\/wp\/v2\/pages\/1407\/revisions\/4675"}],"up":[{"embeddable":true,"href":"https:\/\/www.woge-saar.de\/fr\/wp-json\/wp\/v2\/pages\/1261"}],"wp:attachment":[{"href":"https:\/\/www.woge-saar.de\/fr\/wp-json\/wp\/v2\/media?parent=1407"}],"curies":[{"name":"wp","href":"https:\/\/api.w.org\/{rel}","templated":true}]}}