{"id":1491,"date":"2015-08-28T08:50:50","date_gmt":"2015-08-28T06:50:50","guid":{"rendered":"http:\/\/woge-saar.strukturholding.de\/fr\/objets-en-location\/mietobjekt-suchen\/"},"modified":"2024-11-29T13:20:56","modified_gmt":"2024-11-29T12:20:56","slug":"recherche-de-location","status":"publish","type":"page","link":"https:\/\/www.woge-saar.de\/fr\/objets-en-location\/recherche-de-location\/","title":{"rendered":"Recherche de location"},"content":{"rendered":"<h1>Nous cherchons pour vous<\/h1>\n<p>Veuillez simplement remplir le formulaire en ligne situ\u00e9 en bas de la page de fa\u00e7on d\u00e9taill\u00e9e et cliquez sur Envoyer. Nous traiterons sans d\u00e9lai votre demande.<\/p>\n<p>Nous recherchons \u00e9galement pour une p\u00e9riode de temps plus longue au sein de notre portefeuille ou vous informons par t\u00e9l\u00e9phone ou courriel lorsqu\u2019un objet se lib\u00e8re.<\/p>\n<p>Merci de votre int\u00e9r\u00eat !<\/p>\n<hr \/>\n\n<div class=\"wpcf7 no-js\" id=\"wpcf7-f5266-o1\" lang=\"de-DE\" dir=\"ltr\" data-wpcf7-id=\"5266\">\n<div class=\"screen-reader-response\"><p role=\"status\" aria-live=\"polite\" aria-atomic=\"true\"><\/p> <ul><\/ul><\/div>\n<form action=\"\/fr\/wp-json\/wp\/v2\/pages\/1491#wpcf7-f5266-o1\" method=\"post\" class=\"wpcf7-form init\" aria-label=\"Kontaktformular\" novalidate=\"novalidate\" data-status=\"init\">\n<fieldset class=\"hidden-fields-container\"><input type=\"hidden\" name=\"_wpcf7\" value=\"5266\" \/><input type=\"hidden\" name=\"_wpcf7_version\" value=\"6.1.5\" \/><input type=\"hidden\" name=\"_wpcf7_locale\" value=\"de_DE\" \/><input type=\"hidden\" name=\"_wpcf7_unit_tag\" value=\"wpcf7-f5266-o1\" \/><input type=\"hidden\" name=\"_wpcf7_container_post\" value=\"0\" \/><input type=\"hidden\" name=\"_wpcf7_posted_data_hash\" value=\"\" \/>\n<\/fieldset>\n<h2 class=\"black\">Votre adresse\n<\/h2>\n<div class=\"row\">\n\t<div class=\"row-flex\">\n\t\t<p><label> Pr\u00e9nom: *<br \/>\n<span class=\"wpcf7-form-control-wrap\" data-name=\"firstname\"><input size=\"40\" maxlength=\"400\" class=\"wpcf7-form-control wpcf7-text wpcf7-validates-as-required\" aria-required=\"true\" aria-invalid=\"false\" value=\"\" type=\"text\" name=\"firstname\" \/><\/span> <\/label><br \/>\n<label> Nom: *<br \/>\n<span class=\"wpcf7-form-control-wrap\" data-name=\"lastname\"><input size=\"40\" maxlength=\"400\" class=\"wpcf7-form-control wpcf7-text wpcf7-validates-as-required\" aria-required=\"true\" aria-invalid=\"false\" value=\"\" type=\"text\" name=\"lastname\" \/><\/span> <\/label><br \/>\n<label> Rue, n\u00b0 civique: *<br \/>\n<span class=\"wpcf7-form-control-wrap\" data-name=\"street-number\"><input size=\"40\" maxlength=\"400\" class=\"wpcf7-form-control wpcf7-text wpcf7-validates-as-required\" aria-required=\"true\" aria-invalid=\"false\" value=\"\" type=\"text\" name=\"street-number\" \/><\/span> <\/label><br \/>\n<label> Code postal: *<br \/>\n<span class=\"wpcf7-form-control-wrap\" data-name=\"zip-code\"><input size=\"40\" maxlength=\"400\" class=\"wpcf7-form-control wpcf7-text wpcf7-validates-as-required\" aria-required=\"true\" aria-invalid=\"false\" value=\"\" type=\"text\" name=\"zip-code\" \/><\/span> <\/label><br \/>\n<label> Lieu: *<br \/>\n<span class=\"wpcf7-form-control-wrap\" data-name=\"location\"><input size=\"40\" maxlength=\"400\" class=\"wpcf7-form-control wpcf7-text wpcf7-validates-as-required\" aria-required=\"true\" aria-invalid=\"false\" value=\"\" type=\"text\" name=\"location\" \/><\/span> <\/label>\n\t\t<\/p>\n\t\t<p><label> T\u00e9l\u00e9phone: *<br \/>\n<span class=\"wpcf7-form-control-wrap\" data-name=\"phone-number\"><input size=\"40\" maxlength=\"400\" class=\"wpcf7-form-control wpcf7-tel wpcf7-validates-as-required wpcf7-text wpcf7-validates-as-tel\" aria-required=\"true\" aria-invalid=\"false\" value=\"\" type=\"tel\" name=\"phone-number\" \/><\/span> <\/label><br \/>\n<label> E-Mail: *<br \/>\n<span class=\"wpcf7-form-control-wrap\" data-name=\"email\"><input size=\"40\" maxlength=\"400\" class=\"wpcf7-form-control wpcf7-email wpcf7-validates-as-required wpcf7-text wpcf7-validates-as-email\" autocomplete=\"email\" aria-required=\"true\" aria-invalid=\"false\" value=\"\" type=\"email\" name=\"email\" \/><\/span> <\/label>\n\t\t<\/p>\n\t<\/div>\n<hr \/>\n\t<h2 class=\"black\"> Donn\u00e9es personnelles\n\t<\/h2>\n\t<p><label> Date de naissance: *<br \/>\n<span class=\"wpcf7-form-control-wrap\" data-name=\"birthdate\"><input class=\"wpcf7-form-control wpcf7-date wpcf7-validates-as-required wpcf7-validates-as-date\" aria-required=\"true\" aria-invalid=\"false\" value=\"\" type=\"date\" name=\"birthdate\" \/><\/span> <\/label><br \/>\n<label> Etat civil:<br \/>\n<span class=\"wpcf7-form-control-wrap\" data-name=\"familystatus\"><input size=\"40\" maxlength=\"400\" class=\"wpcf7-form-control wpcf7-text\" aria-invalid=\"false\" value=\"\" type=\"text\" name=\"familystatus\" \/><\/span> <\/label><br \/>\n<label> Nbre de personnes au sein du foyer:<br \/>\n<span class=\"wpcf7-form-control-wrap\" data-name=\"person-household\"><input size=\"40\" maxlength=\"400\" class=\"wpcf7-form-control wpcf7-text\" aria-invalid=\"false\" value=\"\" type=\"text\" name=\"person-household\" \/><\/span> <\/label><br \/>\n<label> dont enfants:<br \/>\n<span class=\"wpcf7-form-control-wrap\" data-name=\"thereof-children\"><input size=\"40\" maxlength=\"400\" class=\"wpcf7-form-control wpcf7-text\" aria-invalid=\"false\" value=\"\" type=\"text\" name=\"thereof-children\" \/><\/span> <\/label><br \/>\n<label> Employeur et adresse compl\u00e8te:<br \/>\n<span class=\"wpcf7-form-control-wrap\" data-name=\"employer\"><textarea cols=\"40\" rows=\"10\" maxlength=\"2000\" class=\"wpcf7-form-control wpcf7-textarea\" aria-invalid=\"false\" name=\"employer\"><\/textarea><\/span> <\/label><br \/>\n<label> Employ\u00e9 en tant que:<br \/>\n<span class=\"wpcf7-form-control-wrap\" data-name=\"employed-as\"><input size=\"40\" maxlength=\"400\" class=\"wpcf7-form-control wpcf7-text\" aria-invalid=\"false\" value=\"\" type=\"text\" name=\"employed-as\" \/><\/span> <\/label><br \/>\n<label> Employ\u00e9 depuis:<br \/>\n<span class=\"wpcf7-form-control-wrap\" data-name=\"employed-since\"><input size=\"40\" maxlength=\"400\" class=\"wpcf7-form-control wpcf7-text\" aria-invalid=\"false\" value=\"\" type=\"text\" name=\"employed-since\" \/><\/span> <\/label><br \/>\n\t<hr \/>\n\t<\/p>\n\t<h2 class=\"black\"> D\u00e9tails sur la recherche de logement\n\t<\/h2>\n\t<p><label> Date d\u2019achat:<br \/>\n<span class=\"wpcf7-form-control-wrap\" data-name=\"reference-date\"><input size=\"40\" maxlength=\"400\" class=\"wpcf7-form-control wpcf7-text\" aria-invalid=\"false\" value=\"\" type=\"text\" name=\"reference-date\" \/><\/span> <\/label><br \/>\n<label> Localit\u00e9 pr\u00e9f\u00e9r\u00e9e:<br \/>\n<span class=\"wpcf7-form-control-wrap\" data-name=\"preferred-place\"><input size=\"40\" maxlength=\"400\" class=\"wpcf7-form-control wpcf7-text\" aria-invalid=\"false\" value=\"\" type=\"text\" name=\"preferred-place\" \/><\/span> <\/label><br \/>\n<label> Rue\/Quartier souhait\u00e9:<br \/>\n<span class=\"wpcf7-form-control-wrap\" data-name=\"preferred-street\"><input size=\"40\" maxlength=\"400\" class=\"wpcf7-form-control wpcf7-text\" aria-invalid=\"false\" value=\"\" type=\"text\" name=\"preferred-street\" \/><\/span> <\/label>\n\t<\/p>\n\t<div class=\"details-wrapper\">\n\t\t<p><label> Nbre de chambres: *<br \/>\n<span class=\"wpcf7-form-control-wrap\" data-name=\"rooms\"><input size=\"40\" maxlength=\"400\" class=\"wpcf7-form-control wpcf7-text wpcf7-validates-as-required\" aria-required=\"true\" aria-invalid=\"false\" value=\"\" type=\"text\" name=\"rooms\" \/><\/span> <\/label><br \/>\n<label> Superficie (m2): *<br \/>\n<span class=\"wpcf7-form-control-wrap\" data-name=\"place\"><input size=\"40\" maxlength=\"400\" class=\"wpcf7-form-control wpcf7-text wpcf7-validates-as-required\" aria-required=\"true\" aria-invalid=\"false\" value=\"\" type=\"text\" name=\"place\" \/><\/span> <\/label><br \/>\n<label> Loyer sans les charges max. (\u20ac):<br \/>\n<span class=\"wpcf7-form-control-wrap\" data-name=\"rent\"><input size=\"40\" maxlength=\"400\" class=\"wpcf7-form-control wpcf7-text\" aria-invalid=\"false\" value=\"\" type=\"text\" name=\"rent\" \/><\/span> <\/label>\n\t\t<\/p>\n\t<\/div>\n\t<p><label> Equipements (z.B. balcon\/terrasse, colocation \u2026):<br \/>\n<span class=\"wpcf7-form-control-wrap\" data-name=\"features\"><textarea cols=\"40\" rows=\"10\" maxlength=\"2000\" class=\"wpcf7-form-control wpcf7-textarea\" aria-invalid=\"false\" name=\"features\"><\/textarea><\/span> <\/label><br \/>\n<label> Commentaires:<br \/>\n<span class=\"wpcf7-form-control-wrap\" data-name=\"comments\"><textarea cols=\"40\" rows=\"10\" maxlength=\"2000\" class=\"wpcf7-form-control wpcf7-textarea\" aria-invalid=\"false\" name=\"comments\"><\/textarea><\/span> <\/label><br \/>\n\t<hr \/>\n\t<\/p>\n\t<h2>Comment nous connaissez-vous ?\n\t<\/h2>\n\t<p><span class=\"wpcf7-form-control-wrap\" data-name=\"hear-about\"><span class=\"wpcf7-form-control wpcf7-checkbox\"><span class=\"wpcf7-list-item first\"><label><input type=\"checkbox\" name=\"hear-about[]\" value=\"Journal\/Publicit\u00e9 papier\" \/><span class=\"wpcf7-list-item-label\">Journal\/Publicit\u00e9 papier<\/span><\/label><\/span><span class=\"wpcf7-list-item\"><label><input type=\"checkbox\" name=\"hear-about[]\" value=\"Recherche sur Internet\" \/><span class=\"wpcf7-list-item-label\">Recherche sur Internet<\/span><\/label><\/span><span class=\"wpcf7-list-item\"><label><input type=\"checkbox\" name=\"hear-about[]\" value=\"Immowelt\/Immobilienscout24\" \/><span class=\"wpcf7-list-item-label\">Immowelt\/Immobilienscout24<\/span><\/label><\/span><span class=\"wpcf7-list-item\"><label><input type=\"checkbox\" name=\"hear-about[]\" value=\"Publicit\u00e9 au cin\u00e9ma\" \/><span class=\"wpcf7-list-item-label\">Publicit\u00e9 au cin\u00e9ma<\/span><\/label><\/span><span class=\"wpcf7-list-item\"><label><input type=\"checkbox\" name=\"hear-about[]\" value=\"Publicit\u00e9 \u00e0 la radio\" \/><span class=\"wpcf7-list-item-label\">Publicit\u00e9 \u00e0 la radio<\/span><\/label><\/span><span class=\"wpcf7-list-item\"><label><input type=\"checkbox\" name=\"hear-about[]\" value=\"Amis \/ Connaissances\" \/><span class=\"wpcf7-list-item-label\">Amis \/ Connaissances<\/span><\/label><\/span><span class=\"wpcf7-list-item last\"><label><input type=\"checkbox\" name=\"hear-about[]\" value=\"Autre\" \/><span class=\"wpcf7-list-item-label\">Autre<\/span><\/label><\/span><\/span><\/span>\n\t<\/p>\n\t<p><span class=\"wpcf7-form-control-wrap\" data-name=\"acceptance-663\"><span class=\"wpcf7-form-control wpcf7-acceptance optional\"><span class=\"wpcf7-list-item\"><label><input type=\"checkbox\" name=\"acceptance-663\" value=\"1\" class=\"acceptance\" aria-invalid=\"false\" \/><span class=\"wpcf7-list-item-label\">J'ai lu la <a href=\"https:\/\/www.freundlich-wohnen.de\/fr\/protection-des-donnees\/\" target=\"_blank\">\u00bb politique de confidentialit\u00e9<\/a> et l'accepte *<\/span><\/label><\/span><\/span><\/span><br \/>\n<input class=\"wpcf7-form-control wpcf7-submit has-spinner submit\" type=\"submit\" value=\"Envoyer\" \/>\n\t<\/p>\n\t<p>* = Mandatory field\n\t<\/p>\n<\/div><input type='hidden' class='wpcf7-pum' value='{\"closepopup\":false,\"closedelay\":0,\"openpopup\":false,\"openpopup_id\":0}' \/><div class=\"frc-captcha \" data-sitekey=\"FCMGDMKUNK7PL38G\" data-lang=\"fr\" data-puzzle-endpoint=\"https:\/\/eu-api.friendlycaptcha.eu\/api\/v1\/puzzle\"><\/div>\n\t\t<noscript>You need to enable Javascript for the anti-spam check.<\/noscript><div class=\"wpcf7-response-output\" aria-hidden=\"true\"><\/div>\n<\/form>\n<\/div>\n\n","protected":false},"excerpt":{"rendered":"<p>Nous cherchons pour vous Veuillez simplement remplir le formulaire en ligne situ\u00e9 en bas de<\/p>\n","protected":false},"author":2,"featured_media":0,"parent":1269,"menu_order":0,"comment_status":"closed","ping_status":"closed","template":"","meta":{"_acf_changed":false,"footnotes":""},"class_list":["post-1491","page","type-page","status-publish","hentry"],"acf":[],"yoast_head":"<!-- This site is optimized with the Yoast SEO plugin v27.4 - https:\/\/yoast.com\/product\/yoast-seo-wordpress\/ -->\n<title>Recherche de location - Woge Saar<\/title>\n<meta name=\"robots\" content=\"index, follow, max-snippet:-1, max-image-preview:large, max-video-preview:-1\" \/>\n<link rel=\"canonical\" href=\"https:\/\/www.woge-saar.de\/fr\/objets-en-location\/recherche-de-location\/\" \/>\n<meta property=\"og:locale\" content=\"fr_FR\" \/>\n<meta property=\"og:type\" content=\"article\" \/>\n<meta property=\"og:title\" content=\"Recherche de location - Woge Saar\" \/>\n<meta property=\"og:description\" content=\"Nous cherchons pour vous Veuillez simplement remplir le formulaire en ligne situ\u00e9 en bas de\" \/>\n<meta property=\"og:url\" content=\"https:\/\/www.woge-saar.de\/fr\/objets-en-location\/recherche-de-location\/\" \/>\n<meta property=\"og:site_name\" content=\"Woge Saar\" \/>\n<meta property=\"article:modified_time\" content=\"2024-11-29T12:20:56+00:00\" \/>\n<meta property=\"og:image\" content=\"https:\/\/www.woge-saar.de\/wp-content\/uploads\/sites\/7\/2016\/10\/og_image_woge.jpg\" \/>\n\t<meta property=\"og:image:width\" content=\"1200\" \/>\n\t<meta property=\"og:image:height\" content=\"630\" \/>\n\t<meta property=\"og:image:type\" content=\"image\/jpeg\" \/>\n<meta name=\"twitter:label1\" content=\"Dur\u00e9e de lecture estim\u00e9e\" \/>\n\t<meta name=\"twitter:data1\" content=\"1 minute\" \/>\n<script type=\"application\/ld+json\" class=\"yoast-schema-graph\">{\"@context\":\"https:\\\/\\\/schema.org\",\"@graph\":[{\"@type\":\"WebPage\",\"@id\":\"https:\\\/\\\/www.woge-saar.de\\\/fr\\\/objets-en-location\\\/recherche-de-location\\\/\",\"url\":\"https:\\\/\\\/www.woge-saar.de\\\/fr\\\/objets-en-location\\\/recherche-de-location\\\/\",\"name\":\"Recherche de location - Woge Saar\",\"isPartOf\":{\"@id\":\"https:\\\/\\\/www.freundlich-wohnen.de\\\/#website\"},\"datePublished\":\"2015-08-28T06:50:50+00:00\",\"dateModified\":\"2024-11-29T12:20:56+00:00\",\"breadcrumb\":{\"@id\":\"https:\\\/\\\/www.woge-saar.de\\\/fr\\\/objets-en-location\\\/recherche-de-location\\\/#breadcrumb\"},\"inLanguage\":\"fr-FR\",\"potentialAction\":[{\"@type\":\"ReadAction\",\"target\":[\"https:\\\/\\\/www.woge-saar.de\\\/fr\\\/objets-en-location\\\/recherche-de-location\\\/\"]}]},{\"@type\":\"BreadcrumbList\",\"@id\":\"https:\\\/\\\/www.woge-saar.de\\\/fr\\\/objets-en-location\\\/recherche-de-location\\\/#breadcrumb\",\"itemListElement\":[{\"@type\":\"ListItem\",\"position\":1,\"name\":\"Startseite\",\"item\":\"https:\\\/\\\/www.woge-saar.de\\\/fr\\\/\"},{\"@type\":\"ListItem\",\"position\":2,\"name\":\"Objets en location\",\"item\":\"https:\\\/\\\/www.woge-saar.de\\\/fr\\\/objets-en-location\\\/\"},{\"@type\":\"ListItem\",\"position\":3,\"name\":\"Recherche de location\"}]},{\"@type\":\"WebSite\",\"@id\":\"https:\\\/\\\/www.freundlich-wohnen.de\\\/#website\",\"url\":\"https:\\\/\\\/www.freundlich-wohnen.de\\\/\",\"name\":\"Woge Saar\",\"description\":\"Eine weitere SHS | Strukturholding Saar Seiten Seite\",\"potentialAction\":[{\"@type\":\"SearchAction\",\"target\":{\"@type\":\"EntryPoint\",\"urlTemplate\":\"https:\\\/\\\/www.freundlich-wohnen.de\\\/?s={search_term_string}\"},\"query-input\":{\"@type\":\"PropertyValueSpecification\",\"valueRequired\":true,\"valueName\":\"search_term_string\"}}],\"inLanguage\":\"fr-FR\"}]}<\/script>\n<!-- \/ Yoast SEO plugin. -->","yoast_head_json":{"title":"Recherche de location - Woge Saar","robots":{"index":"index","follow":"follow","max-snippet":"max-snippet:-1","max-image-preview":"max-image-preview:large","max-video-preview":"max-video-preview:-1"},"canonical":"https:\/\/www.woge-saar.de\/fr\/objets-en-location\/recherche-de-location\/","og_locale":"fr_FR","og_type":"article","og_title":"Recherche de location - Woge Saar","og_description":"Nous cherchons pour vous Veuillez simplement remplir le formulaire en ligne situ\u00e9 en bas de","og_url":"https:\/\/www.woge-saar.de\/fr\/objets-en-location\/recherche-de-location\/","og_site_name":"Woge Saar","article_modified_time":"2024-11-29T12:20:56+00:00","og_image":[{"width":1200,"height":630,"url":"https:\/\/www.woge-saar.de\/wp-content\/uploads\/sites\/7\/2016\/10\/og_image_woge.jpg","type":"image\/jpeg"}],"twitter_misc":{"Dur\u00e9e de lecture estim\u00e9e":"1 minute"},"schema":{"@context":"https:\/\/schema.org","@graph":[{"@type":"WebPage","@id":"https:\/\/www.woge-saar.de\/fr\/objets-en-location\/recherche-de-location\/","url":"https:\/\/www.woge-saar.de\/fr\/objets-en-location\/recherche-de-location\/","name":"Recherche de location - Woge Saar","isPartOf":{"@id":"https:\/\/www.freundlich-wohnen.de\/#website"},"datePublished":"2015-08-28T06:50:50+00:00","dateModified":"2024-11-29T12:20:56+00:00","breadcrumb":{"@id":"https:\/\/www.woge-saar.de\/fr\/objets-en-location\/recherche-de-location\/#breadcrumb"},"inLanguage":"fr-FR","potentialAction":[{"@type":"ReadAction","target":["https:\/\/www.woge-saar.de\/fr\/objets-en-location\/recherche-de-location\/"]}]},{"@type":"BreadcrumbList","@id":"https:\/\/www.woge-saar.de\/fr\/objets-en-location\/recherche-de-location\/#breadcrumb","itemListElement":[{"@type":"ListItem","position":1,"name":"Startseite","item":"https:\/\/www.woge-saar.de\/fr\/"},{"@type":"ListItem","position":2,"name":"Objets en location","item":"https:\/\/www.woge-saar.de\/fr\/objets-en-location\/"},{"@type":"ListItem","position":3,"name":"Recherche de location"}]},{"@type":"WebSite","@id":"https:\/\/www.freundlich-wohnen.de\/#website","url":"https:\/\/www.freundlich-wohnen.de\/","name":"Woge Saar","description":"Eine weitere SHS | Strukturholding Saar Seiten Seite","potentialAction":[{"@type":"SearchAction","target":{"@type":"EntryPoint","urlTemplate":"https:\/\/www.freundlich-wohnen.de\/?s={search_term_string}"},"query-input":{"@type":"PropertyValueSpecification","valueRequired":true,"valueName":"search_term_string"}}],"inLanguage":"fr-FR"}]}},"_links":{"self":[{"href":"https:\/\/www.woge-saar.de\/fr\/wp-json\/wp\/v2\/pages\/1491","targetHints":{"allow":["GET"]}}],"collection":[{"href":"https:\/\/www.woge-saar.de\/fr\/wp-json\/wp\/v2\/pages"}],"about":[{"href":"https:\/\/www.woge-saar.de\/fr\/wp-json\/wp\/v2\/types\/page"}],"author":[{"embeddable":true,"href":"https:\/\/www.woge-saar.de\/fr\/wp-json\/wp\/v2\/users\/2"}],"replies":[{"embeddable":true,"href":"https:\/\/www.woge-saar.de\/fr\/wp-json\/wp\/v2\/comments?post=1491"}],"version-history":[{"count":7,"href":"https:\/\/www.woge-saar.de\/fr\/wp-json\/wp\/v2\/pages\/1491\/revisions"}],"predecessor-version":[{"id":5273,"href":"https:\/\/www.woge-saar.de\/fr\/wp-json\/wp\/v2\/pages\/1491\/revisions\/5273"}],"up":[{"embeddable":true,"href":"https:\/\/www.woge-saar.de\/fr\/wp-json\/wp\/v2\/pages\/1269"}],"wp:attachment":[{"href":"https:\/\/www.woge-saar.de\/fr\/wp-json\/wp\/v2\/media?parent=1491"}],"curies":[{"name":"wp","href":"https:\/\/api.w.org\/{rel}","templated":true}]}}