{"id":2054,"date":"2015-08-28T10:30:42","date_gmt":"2015-08-28T08:30:42","guid":{"rendered":"https:\/\/www.freundlich-wohnen.de\/fr\/objets-en-location\/recherche-de-location\/anfrage-versendet\/"},"modified":"2016-10-13T09:05:10","modified_gmt":"2016-10-13T07:05:10","slug":"votre-demande-a-bien-ete-envoyee","status":"publish","type":"page","link":"https:\/\/www.woge-saar.de\/fr\/objets-en-location\/recherche-de-location\/votre-demande-a-bien-ete-envoyee\/","title":{"rendered":"Votre demande \u00e0 bien \u00e9t\u00e9 envoy\u00e9e"},"content":{"rendered":"<h1>Merci beaucoup<\/h1>\n<p>Votre demande \u00e0 bien \u00e9t\u00e9 envoy\u00e9e.<\/p>\n","protected":false},"excerpt":{"rendered":"<p>Merci beaucoup Votre demande \u00e0 bien \u00e9t\u00e9 envoy\u00e9e.<\/p>\n","protected":false},"author":2,"featured_media":0,"parent":1491,"menu_order":0,"comment_status":"closed","ping_status":"closed","template":"","meta":{"_acf_changed":false,"footnotes":""},"class_list":["post-2054","page","type-page","status-publish","hentry"],"acf":[],"yoast_head":"<!-- This site is optimized with the Yoast SEO plugin v27.4 - https:\/\/yoast.com\/product\/yoast-seo-wordpress\/ -->\n<title>Votre demande \u00e0 bien \u00e9t\u00e9 envoy\u00e9e - Woge Saar<\/title>\n<meta name=\"robots\" content=\"index, follow, max-snippet:-1, max-image-preview:large, max-video-preview:-1\" \/>\n<link rel=\"canonical\" href=\"https:\/\/www.woge-saar.de\/fr\/objets-en-location\/recherche-de-location\/votre-demande-a-bien-ete-envoyee\/\" \/>\n<meta property=\"og:locale\" content=\"fr_FR\" \/>\n<meta property=\"og:type\" content=\"article\" \/>\n<meta property=\"og:title\" content=\"Votre demande \u00e0 bien \u00e9t\u00e9 envoy\u00e9e - Woge Saar\" \/>\n<meta property=\"og:description\" content=\"Merci beaucoup Votre demande \u00e0 bien \u00e9t\u00e9 envoy\u00e9e.\" \/>\n<meta property=\"og:url\" content=\"https:\/\/www.woge-saar.de\/fr\/objets-en-location\/recherche-de-location\/votre-demande-a-bien-ete-envoyee\/\" \/>\n<meta property=\"og:site_name\" content=\"Woge Saar\" \/>\n<meta property=\"article:modified_time\" content=\"2016-10-13T07:05:10+00:00\" \/>\n<meta property=\"og:image\" content=\"https:\/\/www.woge-saar.de\/wp-content\/uploads\/sites\/7\/2016\/10\/og_image_woge.jpg\" \/>\n\t<meta property=\"og:image:width\" content=\"1200\" \/>\n\t<meta property=\"og:image:height\" content=\"630\" \/>\n\t<meta property=\"og:image:type\" content=\"image\/jpeg\" \/>\n<script type=\"application\/ld+json\" class=\"yoast-schema-graph\">{\"@context\":\"https:\\\/\\\/schema.org\",\"@graph\":[{\"@type\":\"WebPage\",\"@id\":\"https:\\\/\\\/www.woge-saar.de\\\/fr\\\/objets-en-location\\\/recherche-de-location\\\/votre-demande-a-bien-ete-envoyee\\\/\",\"url\":\"https:\\\/\\\/www.woge-saar.de\\\/fr\\\/objets-en-location\\\/recherche-de-location\\\/votre-demande-a-bien-ete-envoyee\\\/\",\"name\":\"Votre demande \u00e0 bien \u00e9t\u00e9 envoy\u00e9e - Woge Saar\",\"isPartOf\":{\"@id\":\"https:\\\/\\\/www.freundlich-wohnen.de\\\/#website\"},\"datePublished\":\"2015-08-28T08:30:42+00:00\",\"dateModified\":\"2016-10-13T07:05:10+00:00\",\"breadcrumb\":{\"@id\":\"https:\\\/\\\/www.woge-saar.de\\\/fr\\\/objets-en-location\\\/recherche-de-location\\\/votre-demande-a-bien-ete-envoyee\\\/#breadcrumb\"},\"inLanguage\":\"fr-FR\",\"potentialAction\":[{\"@type\":\"ReadAction\",\"target\":[\"https:\\\/\\\/www.woge-saar.de\\\/fr\\\/objets-en-location\\\/recherche-de-location\\\/votre-demande-a-bien-ete-envoyee\\\/\"]}]},{\"@type\":\"BreadcrumbList\",\"@id\":\"https:\\\/\\\/www.woge-saar.de\\\/fr\\\/objets-en-location\\\/recherche-de-location\\\/votre-demande-a-bien-ete-envoyee\\\/#breadcrumb\",\"itemListElement\":[{\"@type\":\"ListItem\",\"position\":1,\"name\":\"Startseite\",\"item\":\"https:\\\/\\\/www.woge-saar.de\\\/fr\\\/\"},{\"@type\":\"ListItem\",\"position\":2,\"name\":\"Objets en location\",\"item\":\"https:\\\/\\\/www.woge-saar.de\\\/fr\\\/objets-en-location\\\/\"},{\"@type\":\"ListItem\",\"position\":3,\"name\":\"Recherche de location\",\"item\":\"https:\\\/\\\/www.woge-saar.de\\\/fr\\\/objets-en-location\\\/recherche-de-location\\\/\"},{\"@type\":\"ListItem\",\"position\":4,\"name\":\"Votre demande \u00e0 bien \u00e9t\u00e9 envoy\u00e9e\"}]},{\"@type\":\"WebSite\",\"@id\":\"https:\\\/\\\/www.freundlich-wohnen.de\\\/#website\",\"url\":\"https:\\\/\\\/www.freundlich-wohnen.de\\\/\",\"name\":\"Woge Saar\",\"description\":\"Eine weitere SHS | Strukturholding Saar Seiten Seite\",\"potentialAction\":[{\"@type\":\"SearchAction\",\"target\":{\"@type\":\"EntryPoint\",\"urlTemplate\":\"https:\\\/\\\/www.freundlich-wohnen.de\\\/?s={search_term_string}\"},\"query-input\":{\"@type\":\"PropertyValueSpecification\",\"valueRequired\":true,\"valueName\":\"search_term_string\"}}],\"inLanguage\":\"fr-FR\"}]}<\/script>\n<!-- \/ Yoast SEO plugin. -->","yoast_head_json":{"title":"Votre demande \u00e0 bien \u00e9t\u00e9 envoy\u00e9e - Woge Saar","robots":{"index":"index","follow":"follow","max-snippet":"max-snippet:-1","max-image-preview":"max-image-preview:large","max-video-preview":"max-video-preview:-1"},"canonical":"https:\/\/www.woge-saar.de\/fr\/objets-en-location\/recherche-de-location\/votre-demande-a-bien-ete-envoyee\/","og_locale":"fr_FR","og_type":"article","og_title":"Votre demande \u00e0 bien \u00e9t\u00e9 envoy\u00e9e - Woge Saar","og_description":"Merci beaucoup Votre demande \u00e0 bien \u00e9t\u00e9 envoy\u00e9e.","og_url":"https:\/\/www.woge-saar.de\/fr\/objets-en-location\/recherche-de-location\/votre-demande-a-bien-ete-envoyee\/","og_site_name":"Woge Saar","article_modified_time":"2016-10-13T07:05:10+00:00","og_image":[{"width":1200,"height":630,"url":"https:\/\/www.woge-saar.de\/wp-content\/uploads\/sites\/7\/2016\/10\/og_image_woge.jpg","type":"image\/jpeg"}],"schema":{"@context":"https:\/\/schema.org","@graph":[{"@type":"WebPage","@id":"https:\/\/www.woge-saar.de\/fr\/objets-en-location\/recherche-de-location\/votre-demande-a-bien-ete-envoyee\/","url":"https:\/\/www.woge-saar.de\/fr\/objets-en-location\/recherche-de-location\/votre-demande-a-bien-ete-envoyee\/","name":"Votre demande \u00e0 bien \u00e9t\u00e9 envoy\u00e9e - Woge Saar","isPartOf":{"@id":"https:\/\/www.freundlich-wohnen.de\/#website"},"datePublished":"2015-08-28T08:30:42+00:00","dateModified":"2016-10-13T07:05:10+00:00","breadcrumb":{"@id":"https:\/\/www.woge-saar.de\/fr\/objets-en-location\/recherche-de-location\/votre-demande-a-bien-ete-envoyee\/#breadcrumb"},"inLanguage":"fr-FR","potentialAction":[{"@type":"ReadAction","target":["https:\/\/www.woge-saar.de\/fr\/objets-en-location\/recherche-de-location\/votre-demande-a-bien-ete-envoyee\/"]}]},{"@type":"BreadcrumbList","@id":"https:\/\/www.woge-saar.de\/fr\/objets-en-location\/recherche-de-location\/votre-demande-a-bien-ete-envoyee\/#breadcrumb","itemListElement":[{"@type":"ListItem","position":1,"name":"Startseite","item":"https:\/\/www.woge-saar.de\/fr\/"},{"@type":"ListItem","position":2,"name":"Objets en location","item":"https:\/\/www.woge-saar.de\/fr\/objets-en-location\/"},{"@type":"ListItem","position":3,"name":"Recherche de location","item":"https:\/\/www.woge-saar.de\/fr\/objets-en-location\/recherche-de-location\/"},{"@type":"ListItem","position":4,"name":"Votre demande \u00e0 bien \u00e9t\u00e9 envoy\u00e9e"}]},{"@type":"WebSite","@id":"https:\/\/www.freundlich-wohnen.de\/#website","url":"https:\/\/www.freundlich-wohnen.de\/","name":"Woge Saar","description":"Eine weitere SHS | Strukturholding Saar Seiten Seite","potentialAction":[{"@type":"SearchAction","target":{"@type":"EntryPoint","urlTemplate":"https:\/\/www.freundlich-wohnen.de\/?s={search_term_string}"},"query-input":{"@type":"PropertyValueSpecification","valueRequired":true,"valueName":"search_term_string"}}],"inLanguage":"fr-FR"}]}},"_links":{"self":[{"href":"https:\/\/www.woge-saar.de\/fr\/wp-json\/wp\/v2\/pages\/2054","targetHints":{"allow":["GET"]}}],"collection":[{"href":"https:\/\/www.woge-saar.de\/fr\/wp-json\/wp\/v2\/pages"}],"about":[{"href":"https:\/\/www.woge-saar.de\/fr\/wp-json\/wp\/v2\/types\/page"}],"author":[{"embeddable":true,"href":"https:\/\/www.woge-saar.de\/fr\/wp-json\/wp\/v2\/users\/2"}],"replies":[{"embeddable":true,"href":"https:\/\/www.woge-saar.de\/fr\/wp-json\/wp\/v2\/comments?post=2054"}],"version-history":[{"count":1,"href":"https:\/\/www.woge-saar.de\/fr\/wp-json\/wp\/v2\/pages\/2054\/revisions"}],"predecessor-version":[{"id":2059,"href":"https:\/\/www.woge-saar.de\/fr\/wp-json\/wp\/v2\/pages\/2054\/revisions\/2059"}],"up":[{"embeddable":true,"href":"https:\/\/www.woge-saar.de\/fr\/wp-json\/wp\/v2\/pages\/1491"}],"wp:attachment":[{"href":"https:\/\/www.woge-saar.de\/fr\/wp-json\/wp\/v2\/media?parent=2054"}],"curies":[{"name":"wp","href":"https:\/\/api.w.org\/{rel}","templated":true}]}}